{"id":20,"date":"2024-03-25T21:14:34","date_gmt":"2024-03-25T21:14:34","guid":{"rendered":"https:\/\/zsip1katowice.edu.pl\/sp12\/bip\/?page_id=20"},"modified":"2026-03-17T13:12:50","modified_gmt":"2026-03-17T13:12:50","slug":"status-prawny","status":"publish","type":"page","link":"https:\/\/zsip1katowice.edu.pl\/sp12\/bip\/status-prawny\/","title":{"rendered":"Status prawny"},"content":{"rendered":"\n<p style=\"font-size:21px\">1. Zesp\u00f3\u0142 Szk\u00f3\u0142 i Plac\u00f3wek nr 1 w Katowicach jest zespo\u0142em publicznej szko\u0142y, plac\u00f3wki wychowania pozaszkolnego oraz publicznego przedszkola.<br>2. Siedzib\u0105 g\u0142\u00f3wn\u0105 Zespo\u0142u jest budynek przy ul. I. J. Paderewskiego 46 w Katowicach.<br>3. W sk\u0142ad Zespo\u0142u wchodz\u0105:<\/p>\n\n\n\n<ol class=\"wp-block-list\">\n<li style=\"font-size:21px\">Szko\u0142a Podstawowa Nr 12 im. I. J. Paderewskiego w Katowicach z oddzia\u0142ami sportowymi;<\/li>\n\n\n\n<li style=\"font-size:21px\">Mi\u0119dzyszkolny O\u015brodek Sportowy w Katowicach,<\/li>\n\n\n\n<li style=\"font-size:21px\">Przedszkole Nr 55 w Katowicach.<\/li>\n<\/ol>\n\n\n\n<p style=\"font-size:24px\"><strong>Organy szko\u0142y:<\/strong><\/p>\n\n\n\n<p>Dyrekcja<\/p>\n\n\n\n<p>Rada Pedagogiczna<\/p>\n\n\n\n<p>Raga Rodzic\u00f3w<\/p>\n\n\n\n<p>Samorz\u0105d Uczniowski<\/p>\n","protected":false},"excerpt":{"rendered":"<p>1. Zesp\u00f3\u0142 Szk\u00f3\u0142 i Plac\u00f3wek nr 1 w Katowicach jest zespo\u0142em publicznej szko\u0142y, plac\u00f3wki wychowania pozaszkolnego oraz publicznego przedszkola.2. Siedzib\u0105 g\u0142\u00f3wn\u0105 Zespo\u0142u jest budynek przy ul. I. J. Paderewskiego 46 w Katowicach.3. W sk\u0142ad Zespo\u0142u wchodz\u0105: Organy szko\u0142y: Dyrekcja Rada Pedagogiczna Raga Rodzic\u00f3w Samorz\u0105d Uczniowski<\/p>\n","protected":false},"author":1,"featured_media":0,"parent":0,"menu_order":0,"comment_status":"closed","ping_status":"closed","template":"","meta":{"_uag_custom_page_level_css":"","footnotes":""},"class_list":["post-20","page","type-page","status-publish","hentry"],"uagb_featured_image_src":{"full":false,"thumbnail":false,"medium":false,"medium_large":false,"large":false,"1536x1536":false,"2048x2048":false,"post-thumbnail":false},"uagb_author_info":{"display_name":"admin","author_link":"https:\/\/zsip1katowice.edu.pl\/sp12\/bip\/author\/admin\/"},"uagb_comment_info":0,"uagb_excerpt":"1. Zesp\u00f3\u0142 Szk\u00f3\u0142 i Plac\u00f3wek nr 1 w Katowicach jest zespo\u0142em publicznej szko\u0142y, plac\u00f3wki wychowania pozaszkolnego oraz publicznego przedszkola.2. Siedzib\u0105 g\u0142\u00f3wn\u0105 Zespo\u0142u jest budynek przy ul. I. J. Paderewskiego 46 w Katowicach.3. W sk\u0142ad Zespo\u0142u wchodz\u0105: Organy szko\u0142y: Dyrekcja Rada Pedagogiczna Raga Rodzic\u00f3w Samorz\u0105d Uczniowski","_links":{"self":[{"href":"https:\/\/zsip1katowice.edu.pl\/sp12\/bip\/wp-json\/wp\/v2\/pages\/20","targetHints":{"allow":["GET"]}}],"collection":[{"href":"https:\/\/zsip1katowice.edu.pl\/sp12\/bip\/wp-json\/wp\/v2\/pages"}],"about":[{"href":"https:\/\/zsip1katowice.edu.pl\/sp12\/bip\/wp-json\/wp\/v2\/types\/page"}],"author":[{"embeddable":true,"href":"https:\/\/zsip1katowice.edu.pl\/sp12\/bip\/wp-json\/wp\/v2\/users\/1"}],"replies":[{"embeddable":true,"href":"https:\/\/zsip1katowice.edu.pl\/sp12\/bip\/wp-json\/wp\/v2\/comments?post=20"}],"version-history":[{"count":7,"href":"https:\/\/zsip1katowice.edu.pl\/sp12\/bip\/wp-json\/wp\/v2\/pages\/20\/revisions"}],"predecessor-version":[{"id":321,"href":"https:\/\/zsip1katowice.edu.pl\/sp12\/bip\/wp-json\/wp\/v2\/pages\/20\/revisions\/321"}],"wp:attachment":[{"href":"https:\/\/zsip1katowice.edu.pl\/sp12\/bip\/wp-json\/wp\/v2\/media?parent=20"}],"curies":[{"name":"wp","href":"https:\/\/api.w.org\/{rel}","templated":true}]}}