{"id":22,"date":"2024-03-25T21:14:48","date_gmt":"2024-03-25T21:14:48","guid":{"rendered":"https:\/\/zsip1katowice.edu.pl\/sp12\/bip\/?page_id=22"},"modified":"2026-03-16T19:30:32","modified_gmt":"2026-03-16T19:30:32","slug":"ogloszenia","status":"publish","type":"page","link":"https:\/\/zsip1katowice.edu.pl\/sp12\/bip\/ogloszenia\/","title":{"rendered":"Og\u0142oszenia"},"content":{"rendered":"\n\t\t\t<div class=\"wp-block-uagb-post-grid uagb-post-grid  uagb-post__image-position-top uagb-post__image-disabled uagb-block-1f06378a     uagb-post__items uagb-post__columns-1 is-grid uagb-post__columns-tablet-2 uagb-post__columns-mobile-1 uagb-post__equal-height\" data-total=\"1\" style=\"\">\n\n\t\t\t\t\t\t\t\t\t\t\t\t<article class=\"uagb-post__inner-wrap\">\t\t\t\t\t\t\t\t<h4 class=\"uagb-post__title uagb-post__text\">\n\t\t\t\t<a href=\"https:\/\/zsip1katowice.edu.pl\/sp12\/bip\/majatek-ruchomy-placowki\/\" target=\"_self\" rel=\"bookmark noopener noreferrer\">MAJ\u0104TEK RUCHOMY PLAC\u00d3WKI<\/a>\n\t\t\t<\/h4>\n\t\t\t\t\t\t<div class='uagb-post__text uagb-post-grid-byline'>\n\t\t\t\t\t\t\t<\/div>\n\t\t\t\t\t\t\t<div class='uagb-post__text uagb-post__excerpt'>\n\t\t\t\t\t<p>W sprawie zu\u017cytych i zb\u0119dnych sk\u0142adnik\u00f3w maj\u0105tku ruchomego w Zespole Szk\u00f3\u0142 i Plac\u00f3wek nr 1&#8230;\t\t\t\t<\/div>\n\t\t\t\t\t\t<div class=\"uagb-post__text uagb-post__cta wp-block-button\">\n\t\t\t\t<a class=\"wp-block-button__link uagb-text-link\" style=\"\" href=\"https:\/\/zsip1katowice.edu.pl\/sp12\/bip\/majatek-ruchomy-placowki\/\" target=\"_self\" rel=\"bookmark noopener noreferrer\">Czytaj dalej<\/a>\n\t\t\t<\/div>\n\t\t\t\n\t\t\t\t\t\t\t\t\t<\/article>\n\t\t\t\t\t\t\t\t\t\t\t\t\t\t\t\t<article class=\"uagb-post__inner-wrap\">\t\t\t\t\t\t\t\t<h4 class=\"uagb-post__title uagb-post__text\">\n\t\t\t\t<a href=\"https:\/\/zsip1katowice.edu.pl\/sp12\/bip\/zuzyte-skladniki-majatku-ruchomego-do-zagospodarowania-2\/\" target=\"_self\" rel=\"bookmark noopener noreferrer\">Zu\u017cyte sk\u0142adniki maj\u0105tku ruchomego do zagospodarowania<\/a>\n\t\t\t<\/h4>\n\t\t\t\t\t\t<div class='uagb-post__text uagb-post-grid-byline'>\n\t\t\t\t\t\t\t<\/div>\n\t\t\t\t\t\t\t<div class='uagb-post__text uagb-post__excerpt'>\n\t\t\t\t\t<p>MAJ\u0104TEK RUCHOMY PLAC\u00d3WKI W sprawie zu\u017cytych i zb\u0119dnych sk\u0142adnik\u00f3w maj\u0105tku ruchomego W Zespole Szk\u00f3\u0142 i&#8230;\t\t\t\t<\/div>\n\t\t\t\t\t\t<div class=\"uagb-post__text uagb-post__cta wp-block-button\">\n\t\t\t\t<a class=\"wp-block-button__link uagb-text-link\" style=\"\" href=\"https:\/\/zsip1katowice.edu.pl\/sp12\/bip\/zuzyte-skladniki-majatku-ruchomego-do-zagospodarowania-2\/\" target=\"_self\" rel=\"bookmark noopener noreferrer\">Czytaj dalej<\/a>\n\t\t\t<\/div>\n\t\t\t\n\t\t\t\t\t\t\t\t\t<\/article>\n\t\t\t\t\t\t\t\t\t\t\t\t\t\t\t\t<article class=\"uagb-post__inner-wrap\">\t\t\t\t\t\t\t\t<h4 class=\"uagb-post__title uagb-post__text\">\n\t\t\t\t<a href=\"https:\/\/zsip1katowice.edu.pl\/sp12\/bip\/zuzyte-skladniki-majatku-ruchomego-do-zagospodarowania\/\" target=\"_self\" rel=\"bookmark noopener noreferrer\">Zu\u017cyte sk\u0142adniki maj\u0105tku ruchomego do zagospodarowania<\/a>\n\t\t\t<\/h4>\n\t\t\t\t\t\t<div class='uagb-post__text uagb-post-grid-byline'>\n\t\t\t\t\t\t\t<\/div>\n\t\t\t\t\t\t\t<div class='uagb-post__text uagb-post__excerpt'>\n\t\t\t\t\t<p>MAJ\u0104TEK RUCHOMY PLAC\u00d3WKI W sprawie zu\u017cytych i zb\u0119dnych sk\u0142adnik\u00f3w maj\u0105tku ruchomego W Zespole Szk\u00f3\u0142 i&#8230;\t\t\t\t<\/div>\n\t\t\t\t\t\t<div class=\"uagb-post__text uagb-post__cta wp-block-button\">\n\t\t\t\t<a class=\"wp-block-button__link uagb-text-link\" style=\"\" href=\"https:\/\/zsip1katowice.edu.pl\/sp12\/bip\/zuzyte-skladniki-majatku-ruchomego-do-zagospodarowania\/\" target=\"_self\" rel=\"bookmark noopener noreferrer\">Czytaj dalej<\/a>\n\t\t\t<\/div>\n\t\t\t\n\t\t\t\t\t\t\t\t\t<\/article>\n\t\t\t\t\t\t\t\t\t\t\t\t\t\t\t\t<article class=\"uagb-post__inner-wrap\">\t\t\t\t\t\t\t\t<h4 class=\"uagb-post__title uagb-post__text\">\n\t\t\t\t<a href=\"https:\/\/zsip1katowice.edu.pl\/sp12\/bip\/plan-postepowan-o-zamowienia-publiczne\/\" target=\"_self\" rel=\"bookmark noopener noreferrer\">Plan post\u0119powa\u0144 o zam\u00f3wienia publiczne.<\/a>\n\t\t\t<\/h4>\n\t\t\t\t\t\t<div class='uagb-post__text uagb-post-grid-byline'>\n\t\t\t\t\t\t\t<\/div>\n\t\t\t\t\t\t\t<div class='uagb-post__text uagb-post__excerpt'>\n\t\t\t\t\t<p>Plan postepowa\u0144 do pobrania &gt;&gt;&gt;<\/p>\n\t\t\t\t<\/div>\n\t\t\t\t\t\t<div class=\"uagb-post__text uagb-post__cta wp-block-button\">\n\t\t\t\t<a class=\"wp-block-button__link uagb-text-link\" style=\"\" href=\"https:\/\/zsip1katowice.edu.pl\/sp12\/bip\/plan-postepowan-o-zamowienia-publiczne\/\" target=\"_self\" rel=\"bookmark noopener noreferrer\">Czytaj dalej<\/a>\n\t\t\t<\/div>\n\t\t\t\n\t\t\t\t\t\t\t\t\t<\/article>\n\t\t\t\t\t\t\t\t\t\t\t\t\t\t\t\t<article class=\"uagb-post__inner-wrap\">\t\t\t\t\t\t\t\t<h4 class=\"uagb-post__title uagb-post__text\">\n\t\t\t\t<a href=\"https:\/\/zsip1katowice.edu.pl\/sp12\/bip\/informacja-o-zuzytych-skladnikach-majatku-ruchomego\/\" target=\"_self\" rel=\"bookmark noopener noreferrer\">Informacja o zu\u017cytych sk\u0142adnikach maj\u0105tku ruchomego<\/a>\n\t\t\t<\/h4>\n\t\t\t\t\t\t<div class='uagb-post__text uagb-post-grid-byline'>\n\t\t\t\t\t\t\t<\/div>\n\t\t\t\t\t\t\t<div class='uagb-post__text uagb-post__excerpt'>\n\t\t\t\t\t<p>Informacja o zu\u017cytych sk\u0142adnikach maj\u0105tku ruchomego Szko\u0142y Podstawowej nr 12 i Miejskiego Przedszkola nr 55&#8230;\t\t\t\t<\/div>\n\t\t\t\t\t\t<div class=\"uagb-post__text uagb-post__cta wp-block-button\">\n\t\t\t\t<a class=\"wp-block-button__link uagb-text-link\" style=\"\" href=\"https:\/\/zsip1katowice.edu.pl\/sp12\/bip\/informacja-o-zuzytych-skladnikach-majatku-ruchomego\/\" target=\"_self\" rel=\"bookmark noopener noreferrer\">Czytaj dalej<\/a>\n\t\t\t<\/div>\n\t\t\t\n\t\t\t\t\t\t\t\t\t<\/article>\n\t\t\t\t\t\t\t\t\t\t\t<\/div>\n\t\t\t","protected":false},"excerpt":{"rendered":"","protected":false},"author":1,"featured_media":0,"parent":0,"menu_order":0,"comment_status":"closed","ping_status":"closed","template":"","meta":{"_uag_custom_page_level_css":"","footnotes":""},"class_list":["post-22","page","type-page","status-publish","hentry"],"uagb_featured_image_src":{"full":false,"thumbnail":false,"medium":false,"medium_large":false,"large":false,"1536x1536":false,"2048x2048":false,"post-thumbnail":false},"uagb_author_info":{"display_name":"admin","author_link":"https:\/\/zsip1katowice.edu.pl\/sp12\/bip\/author\/admin\/"},"uagb_comment_info":0,"uagb_excerpt":null,"_links":{"self":[{"href":"https:\/\/zsip1katowice.edu.pl\/sp12\/bip\/wp-json\/wp\/v2\/pages\/22","targetHints":{"allow":["GET"]}}],"collection":[{"href":"https:\/\/zsip1katowice.edu.pl\/sp12\/bip\/wp-json\/wp\/v2\/pages"}],"about":[{"href":"https:\/\/zsip1katowice.edu.pl\/sp12\/bip\/wp-json\/wp\/v2\/types\/page"}],"author":[{"embeddable":true,"href":"https:\/\/zsip1katowice.edu.pl\/sp12\/bip\/wp-json\/wp\/v2\/users\/1"}],"replies":[{"embeddable":true,"href":"https:\/\/zsip1katowice.edu.pl\/sp12\/bip\/wp-json\/wp\/v2\/comments?post=22"}],"version-history":[{"count":3,"href":"https:\/\/zsip1katowice.edu.pl\/sp12\/bip\/wp-json\/wp\/v2\/pages\/22\/revisions"}],"predecessor-version":[{"id":279,"href":"https:\/\/zsip1katowice.edu.pl\/sp12\/bip\/wp-json\/wp\/v2\/pages\/22\/revisions\/279"}],"wp:attachment":[{"href":"https:\/\/zsip1katowice.edu.pl\/sp12\/bip\/wp-json\/wp\/v2\/media?parent=22"}],"curies":[{"name":"wp","href":"https:\/\/api.w.org\/{rel}","templated":true}]}}