{"id":24,"date":"2024-03-25T21:14:59","date_gmt":"2024-03-25T21:14:59","guid":{"rendered":"https:\/\/zsip1katowice.edu.pl\/sp12\/bip\/?page_id=24"},"modified":"2024-03-26T06:43:26","modified_gmt":"2024-03-26T06:43:26","slug":"zadania","status":"publish","type":"page","link":"https:\/\/zsip1katowice.edu.pl\/sp12\/bip\/zadania\/","title":{"rendered":"Zadania"},"content":{"rendered":"\n<ol class=\"wp-block-list\">\n<li>Zesp\u00f3\u0142 Szk\u00f3\u0142 i Plac\u00f3wek nr 1 w Katowicach realizuje cele i zadania okre\u015blone w ustawie i przepisach wykonawczych wydanych na jej podstawie, a w szczeg\u00f3lno\u015bci:\n<ol class=\"wp-block-list\">\n<li>zapewnia bezp\u0142atne nauczanie poprzez prowadzenie szko\u0142y podstawowej;<\/li>\n\n\n\n<li>zapewnia opiek\u0119 i nauczanie przez prowadzenie miejskiego przedszkola;<\/li>\n\n\n\n<li>umo\u017cliwia rozwijanie zainteresowa\u0144 i uzdolnie\u0144 uczniom\/ uczestnikom zaj\u0119\u0107;<\/li>\n\n\n\n<li>zapewnia organizowanie opieki, w tym nad dzieckiem niepe\u0142nosprawnym oraz pomocy psychologiczno \u2013 pedagogicznej i socjalnej;<\/li>\n\n\n\n<li>wspiera wszechstronny rozw\u00f3j dziecka;<\/li>\n\n\n\n<li>kszta\u0142tuje \u015brodowisko wychowawcze ucznia\/ uczestnika zaj\u0119\u0107;<\/li>\n\n\n\n<li>wsp\u00f3\u0142pracuje z rodzicami uczestnika zaj\u0119\u0107 oraz z&nbsp;instytucjami pracuj\u0105cymi na rzecz dziecka i rodziny.<\/li>\n<\/ol>\n<\/li>\n\n\n\n<li>Organizacj\u0119, szczeg\u00f3\u0142owe cele i zadania Szko\u0142y Podstawowej Nr 12 im. I. J. Paderewskiego w Katowicach, Mi\u0119dzyszkolnego O\u015brodka Sportowego w Katowicach oraz Miejskiego Przedszkola nr 55 w Katowicach, a tak\u017ce zadania nauczycieli i innych pracownik\u00f3w szko\u0142y\/ plac\u00f3wek oraz prawa i obowi\u0105zki uczni\u00f3w i wychowank\u00f3w okre\u015blaj\u0105 ich statuty.<\/li>\n<\/ol>\n","protected":false},"excerpt":{"rendered":"","protected":false},"author":1,"featured_media":0,"parent":0,"menu_order":0,"comment_status":"closed","ping_status":"closed","template":"","meta":{"_uag_custom_page_level_css":"","footnotes":""},"class_list":["post-24","page","type-page","status-publish","hentry"],"uagb_featured_image_src":{"full":false,"thumbnail":false,"medium":false,"medium_large":false,"large":false,"1536x1536":false,"2048x2048":false,"post-thumbnail":false},"uagb_author_info":{"display_name":"admin","author_link":"https:\/\/zsip1katowice.edu.pl\/sp12\/bip\/author\/admin\/"},"uagb_comment_info":0,"uagb_excerpt":null,"_links":{"self":[{"href":"https:\/\/zsip1katowice.edu.pl\/sp12\/bip\/wp-json\/wp\/v2\/pages\/24","targetHints":{"allow":["GET"]}}],"collection":[{"href":"https:\/\/zsip1katowice.edu.pl\/sp12\/bip\/wp-json\/wp\/v2\/pages"}],"about":[{"href":"https:\/\/zsip1katowice.edu.pl\/sp12\/bip\/wp-json\/wp\/v2\/types\/page"}],"author":[{"embeddable":true,"href":"https:\/\/zsip1katowice.edu.pl\/sp12\/bip\/wp-json\/wp\/v2\/users\/1"}],"replies":[{"embeddable":true,"href":"https:\/\/zsip1katowice.edu.pl\/sp12\/bip\/wp-json\/wp\/v2\/comments?post=24"}],"version-history":[{"count":3,"href":"https:\/\/zsip1katowice.edu.pl\/sp12\/bip\/wp-json\/wp\/v2\/pages\/24\/revisions"}],"predecessor-version":[{"id":97,"href":"https:\/\/zsip1katowice.edu.pl\/sp12\/bip\/wp-json\/wp\/v2\/pages\/24\/revisions\/97"}],"wp:attachment":[{"href":"https:\/\/zsip1katowice.edu.pl\/sp12\/bip\/wp-json\/wp\/v2\/media?parent=24"}],"curies":[{"name":"wp","href":"https:\/\/api.w.org\/{rel}","templated":true}]}}