{"id":26,"date":"2024-03-25T21:15:11","date_gmt":"2024-03-25T21:15:11","guid":{"rendered":"https:\/\/zsip1katowice.edu.pl\/sp12\/bip\/?page_id=26"},"modified":"2026-05-13T09:10:06","modified_gmt":"2026-05-13T09:10:06","slug":"majatek","status":"publish","type":"page","link":"https:\/\/zsip1katowice.edu.pl\/sp12\/bip\/majatek\/","title":{"rendered":"Maj\u0105tek"},"content":{"rendered":"\n<p><strong>Sprawozdanie finansowe jednostki za 2018 rok zosta\u0142o umieszczone w Biuletynie Informacji Publicznej Centrum Us\u0142ug Wsp\u00f3lnych w Katowicach <\/strong><\/p>\n\n\n\n<p>S<strong>trona internetowa &gt;&gt;&nbsp;<a href=\"https:\/\/cuwkatowice.bip.gov.pl\/\">https:\/\/cuwkatowice.bip.gov.pl<\/a><\/strong>&nbsp;<\/p>\n\n\n\n<p>Szko\u0142a jest utrzymywana ze \u015brodk\u00f3w organu prowadz\u0105cego jako jednostka organizacyjna miasta Katowice. Szko\u0142a prowadzi gospodark\u0119 finansow\u0105 na zasadach jednostki bud\u017cetowej rozliczaj\u0105cej si\u0119 bezpo\u015brednio z bud\u017cetem miasta Katowice. Szko\u0142a dysponuje powierzon\u0105 w nieodp\u0142atny zarz\u0105d nieruchomo\u015bci\u0105 stanowi\u0105c\u0105 w\u0142asno\u015b\u0107 komunaln\u0105 miasta Katowice. Szko\u0142a nie posiada osobowo\u015bci prawnej.<a href=\"https:\/\/cuwkatowice.bip.gov.pl\/\"><\/a><\/p>\n\n\n\n<p><strong>Maj\u0105tek Zespo\u0142u Szk\u00f3\u0142 i Plac\u00f3wek nr 1 w Katowicach \u2013 stan na 31.12.2025r.<\/strong><\/p>\n\n\n\n<p><strong>\u015arodki trwa\u0142e 17 342 707,61<\/strong><strong>\u00a0z\u0142<\/strong><\/p>\n\n\n\n<p><strong>Maj\u0105tek ruchomy\u00a02 440 520,43<\/strong><strong>\u00a0z\u0142<\/strong><\/p>\n\n\n\n<p><strong>Zbiory biblioteczne 408 651,95 z\u0142<\/strong><\/p>\n\n\n\n<p><strong>Pozosta\u0142e warto\u015bci niematerialne i prawne\u00a095 266,91 z\u0142<\/strong><\/p>\n","protected":false},"excerpt":{"rendered":"<p>Sprawozdanie finansowe jednostki za 2018 rok zosta\u0142o umieszczone w Biuletynie Informacji Publicznej Centrum Us\u0142ug Wsp\u00f3lnych w Katowicach Strona internetowa &gt;&gt;&nbsp;https:\/\/cuwkatowice.bip.gov.pl&nbsp; Szko\u0142a jest utrzymywana ze \u015brodk\u00f3w organu prowadz\u0105cego jako jednostka organizacyjna miasta Katowice. Szko\u0142a prowadzi gospodark\u0119 finansow\u0105 na zasadach jednostki bud\u017cetowej rozliczaj\u0105cej si\u0119 bezpo\u015brednio z bud\u017cetem miasta Katowice. Szko\u0142a dysponuje powierzon\u0105 w nieodp\u0142atny zarz\u0105d nieruchomo\u015bci\u0105 stanowi\u0105c\u0105 &hellip; <a href=\"https:\/\/zsip1katowice.edu.pl\/sp12\/bip\/majatek\/\" class=\"more-link\">Czytaj dalej <span class=\"screen-reader-text\">Maj\u0105tek<\/span><\/a><\/p>\n","protected":false},"author":1,"featured_media":0,"parent":0,"menu_order":0,"comment_status":"closed","ping_status":"closed","template":"","meta":{"_uag_custom_page_level_css":"","footnotes":""},"class_list":["post-26","page","type-page","status-publish","hentry"],"uagb_featured_image_src":{"full":false,"thumbnail":false,"medium":false,"medium_large":false,"large":false,"1536x1536":false,"2048x2048":false,"post-thumbnail":false},"uagb_author_info":{"display_name":"Tomasz Leczkowski","author_link":"https:\/\/zsip1katowice.edu.pl\/sp12\/bip\/author\/admin\/"},"uagb_comment_info":0,"uagb_excerpt":"Sprawozdanie finansowe jednostki za 2018 rok zosta\u0142o umieszczone w Biuletynie Informacji Publicznej Centrum Us\u0142ug Wsp\u00f3lnych w Katowicach Strona internetowa &gt;&gt;&nbsp;https:\/\/cuwkatowice.bip.gov.pl&nbsp; Szko\u0142a jest utrzymywana ze \u015brodk\u00f3w organu prowadz\u0105cego jako jednostka organizacyjna miasta Katowice. Szko\u0142a prowadzi gospodark\u0119 finansow\u0105 na zasadach jednostki bud\u017cetowej rozliczaj\u0105cej si\u0119 bezpo\u015brednio z bud\u017cetem miasta Katowice. Szko\u0142a dysponuje powierzon\u0105 w nieodp\u0142atny zarz\u0105d nieruchomo\u015bci\u0105 stanowi\u0105c\u0105&hellip;","_links":{"self":[{"href":"https:\/\/zsip1katowice.edu.pl\/sp12\/bip\/wp-json\/wp\/v2\/pages\/26","targetHints":{"allow":["GET"]}}],"collection":[{"href":"https:\/\/zsip1katowice.edu.pl\/sp12\/bip\/wp-json\/wp\/v2\/pages"}],"about":[{"href":"https:\/\/zsip1katowice.edu.pl\/sp12\/bip\/wp-json\/wp\/v2\/types\/page"}],"author":[{"embeddable":true,"href":"https:\/\/zsip1katowice.edu.pl\/sp12\/bip\/wp-json\/wp\/v2\/users\/1"}],"replies":[{"embeddable":true,"href":"https:\/\/zsip1katowice.edu.pl\/sp12\/bip\/wp-json\/wp\/v2\/comments?post=26"}],"version-history":[{"count":4,"href":"https:\/\/zsip1katowice.edu.pl\/sp12\/bip\/wp-json\/wp\/v2\/pages\/26\/revisions"}],"predecessor-version":[{"id":302,"href":"https:\/\/zsip1katowice.edu.pl\/sp12\/bip\/wp-json\/wp\/v2\/pages\/26\/revisions\/302"}],"wp:attachment":[{"href":"https:\/\/zsip1katowice.edu.pl\/sp12\/bip\/wp-json\/wp\/v2\/media?parent=26"}],"curies":[{"name":"wp","href":"https:\/\/api.w.org\/{rel}","templated":true}]}}