{"id":262,"date":"2025-09-04T18:41:02","date_gmt":"2025-09-04T18:41:02","guid":{"rendered":"https:\/\/zsip1katowice.edu.pl\/sp12\/bip\/?page_id=262"},"modified":"2026-05-13T09:10:06","modified_gmt":"2026-05-13T09:10:06","slug":"numery-wewnetrzne","status":"publish","type":"page","link":"https:\/\/zsip1katowice.edu.pl\/sp12\/bip\/numery-wewnetrzne\/","title":{"rendered":"Numery wewn\u0119trzne"},"content":{"rendered":"\n<p class=\"has-medium-font-size\">Telefon do Zespo\u0142u Szk\u00f3\u0142 i Plac\u00f3wek nr 1 w Katowicach:\u00a0<strong>32 255 50 36<\/strong><\/p>\n\n\n\n<div class=\"wp-block-uagb-image uagb-block-4948ae59 wp-block-uagb-image--layout-default wp-block-uagb-image--effect-static wp-block-uagb-image--align-none\"><figure class=\"wp-block-uagb-image__figure\"><img decoding=\"async\" srcset=\"https:\/\/zsip1katowice.edu.pl\/sp12\/bip\/wp-content\/uploads\/2025\/09\/numery_wewnetrzne-746x1024.jpg ,https:\/\/zsip1katowice.edu.pl\/sp12\/bip\/wp-content\/uploads\/2025\/09\/numery_wewnetrzne.jpg 780w, https:\/\/zsip1katowice.edu.pl\/sp12\/bip\/wp-content\/uploads\/2025\/09\/numery_wewnetrzne.jpg 360w\" sizes=\"auto, (max-width: 480px) 150px\" src=\"https:\/\/zsip1katowice.edu.pl\/sp12\/bip\/wp-content\/uploads\/2025\/09\/numery_wewnetrzne-746x1024.jpg\" alt=\"\" class=\"uag-image-268\" width=\"1067\" height=\"1465\" title=\"numery_wewnetrzne\" loading=\"lazy\" role=\"img\"\/><\/figure><\/div>\n","protected":false},"excerpt":{"rendered":"<p>Telefon do Zespo\u0142u Szk\u00f3\u0142 i Plac\u00f3wek nr 1 w Katowicach:\u00a032 255 50 36<\/p>\n","protected":false},"author":1,"featured_media":0,"parent":0,"menu_order":0,"comment_status":"closed","ping_status":"closed","template":"","meta":{"_uag_custom_page_level_css":"","footnotes":""},"class_list":["post-262","page","type-page","status-publish","hentry"],"uagb_featured_image_src":{"full":false,"thumbnail":false,"medium":false,"medium_large":false,"large":false,"1536x1536":false,"2048x2048":false,"post-thumbnail":false},"uagb_author_info":{"display_name":"Tomasz Leczkowski","author_link":"https:\/\/zsip1katowice.edu.pl\/sp12\/bip\/author\/admin\/"},"uagb_comment_info":0,"uagb_excerpt":"Telefon do Zespo\u0142u Szk\u00f3\u0142 i Plac\u00f3wek nr 1 w Katowicach:\u00a032 255 50 36","_links":{"self":[{"href":"https:\/\/zsip1katowice.edu.pl\/sp12\/bip\/wp-json\/wp\/v2\/pages\/262","targetHints":{"allow":["GET"]}}],"collection":[{"href":"https:\/\/zsip1katowice.edu.pl\/sp12\/bip\/wp-json\/wp\/v2\/pages"}],"about":[{"href":"https:\/\/zsip1katowice.edu.pl\/sp12\/bip\/wp-json\/wp\/v2\/types\/page"}],"author":[{"embeddable":true,"href":"https:\/\/zsip1katowice.edu.pl\/sp12\/bip\/wp-json\/wp\/v2\/users\/1"}],"replies":[{"embeddable":true,"href":"https:\/\/zsip1katowice.edu.pl\/sp12\/bip\/wp-json\/wp\/v2\/comments?post=262"}],"version-history":[{"count":4,"href":"https:\/\/zsip1katowice.edu.pl\/sp12\/bip\/wp-json\/wp\/v2\/pages\/262\/revisions"}],"predecessor-version":[{"id":269,"href":"https:\/\/zsip1katowice.edu.pl\/sp12\/bip\/wp-json\/wp\/v2\/pages\/262\/revisions\/269"}],"wp:attachment":[{"href":"https:\/\/zsip1katowice.edu.pl\/sp12\/bip\/wp-json\/wp\/v2\/media?parent=262"}],"curies":[{"name":"wp","href":"https:\/\/api.w.org\/{rel}","templated":true}]}}