{"id":28,"date":"2024-03-25T21:15:27","date_gmt":"2024-03-25T21:15:27","guid":{"rendered":"https:\/\/zsip1katowice.edu.pl\/sp12\/bip\/?page_id=28"},"modified":"2026-03-28T20:24:03","modified_gmt":"2026-03-28T20:24:03","slug":"fundusz-socjalny","status":"publish","type":"page","link":"https:\/\/zsip1katowice.edu.pl\/sp12\/bip\/fundusz-socjalny\/","title":{"rendered":"Fundusz socjalny"},"content":{"rendered":"\n<div class=\"wp-block-uagb-container uagb-block-a8b3d6b9 alignfull uagb-is-root-container\"><div class=\"uagb-container-inner-blocks-wrap\">\n<div class=\"wp-block-uagb-info-box uagb-block-a461df09 uagb-infobox__content-wrap  uagb-infobox_cta-type-all uagb-infobox-icon-left-title uagb-infobox-left uagb-infobox-image-valign-top\"><a href=\"https:\/\/zsip1katowice.edu.pl\/sp12\/bip\/wp-content\/uploads\/2026\/03\/regulamin_zfss_2026.pdf\" class=\"uagb-infobox-link-wrap uagb-infbox__link-to-all\" target=\"_self\" aria-label=\"Infobox Link\" rel=\"noopener noreferrer\" onclick=\"return true;\"><\/a><div class=\"uagb-ifb-content\"><div class=\"uagb-ifb-left-title-image\"><div class=\"uagb-ifb-image-content\"><img decoding=\"async\" src=\"https:\/\/zsip1katowice.edu.pl\/sp12\/bip\/wp-content\/uploads\/2024\/04\/icons8-pdf-48.png\" alt=\"\" width=\"\" height=\"0\" loading=\"lazy\"\/><\/div><div class=\"uagb-ifb-title-wrap\"><h6 class=\"uagb-ifb-title\">REGULAMIN ZF\u015aS<\/h6><\/div><\/div><div class=\"uagb-ifb-button-wrapper wp-block-button\"><\/div><\/div><\/div>\n<\/div><\/div>\n\n\n\n\n\n<div class=\"wp-block-uagb-container uagb-block-16a80a57 alignfull uagb-is-root-container\"><div class=\"uagb-container-inner-blocks-wrap\">\n<div class=\"wp-block-uagb-info-box uagb-block-07e9eccf uagb-infobox__content-wrap  uagb-infobox_cta-type-all uagb-infobox-icon-left-title uagb-infobox-left uagb-infobox-image-valign-top\"><a href=\"https:\/\/zsip1katowice.edu.pl\/sp12\/bip\/wp-content\/uploads\/2026\/03\/zalacznik_nr_-4_wniosek_pracownika_dofinansowanie_wypoczynku.pdf\" class=\"uagb-infobox-link-wrap uagb-infbox__link-to-all\" target=\"_self\" aria-label=\"Infobox Link\" rel=\"noopener noreferrer\" onclick=\"return true;\"><\/a><div class=\"uagb-ifb-content\"><div class=\"uagb-ifb-left-title-image\"><div class=\"uagb-ifb-image-content\"><img decoding=\"async\" src=\"https:\/\/zsip1katowice.edu.pl\/sp12\/bip\/wp-content\/uploads\/2024\/04\/icons8-pdf-48.png\" alt=\"\" width=\"\" height=\"0\" loading=\"lazy\"\/><\/div><div class=\"uagb-ifb-title-wrap\"><h6 class=\"uagb-ifb-title\">WNIOSEK o dofinansowanie wypoczynku pracownika<\/h6><\/div><\/div><div class=\"uagb-ifb-button-wrapper wp-block-button\"><\/div><\/div><\/div>\n<\/div><\/div>\n\n\n\n<div class=\"wp-block-uagb-container uagb-block-23597a51 alignfull uagb-is-root-container\"><div class=\"uagb-container-inner-blocks-wrap\">\n<div class=\"wp-block-uagb-info-box uagb-block-b41ccc1d uagb-infobox__content-wrap  uagb-infobox_cta-type-all uagb-infobox-icon-left-title uagb-infobox-left uagb-infobox-image-valign-top\"><a href=\"https:\/\/zsip1katowice.edu.pl\/sp12\/bip\/wp-content\/uploads\/2026\/03\/zalacznik_nr_4a_wniosek_emeryta_dofinansowanie_wypoczynku.pdf\" class=\"uagb-infobox-link-wrap uagb-infbox__link-to-all\" target=\"_self\" aria-label=\"Infobox Link\" rel=\"noopener noreferrer\" onclick=\"return true;\"><\/a><div class=\"uagb-ifb-content\"><div class=\"uagb-ifb-left-title-image\"><div class=\"uagb-ifb-image-content\"><img decoding=\"async\" src=\"https:\/\/zsip1katowice.edu.pl\/sp12\/bip\/wp-content\/uploads\/2024\/04\/icons8-pdf-48.png\" alt=\"\" width=\"\" height=\"0\" loading=\"lazy\"\/><\/div><div class=\"uagb-ifb-title-wrap\"><h6 class=\"uagb-ifb-title\">WNIOSEK O DOFINANSOWANIE WYPOCZYNKU EMERYTA\/RENCISTY<\/h6><\/div><\/div><div class=\"uagb-ifb-button-wrapper wp-block-button\"><\/div><\/div><\/div>\n<\/div><\/div>\n\n\n\n<div class=\"wp-block-uagb-container uagb-block-225db0bc alignfull uagb-is-root-container\"><div class=\"uagb-container-inner-blocks-wrap\">\n<div class=\"wp-block-uagb-info-box uagb-block-6cd0aaf5 uagb-infobox__content-wrap  uagb-infobox_cta-type-all uagb-infobox-icon-left-title uagb-infobox-left uagb-infobox-image-valign-top\"><a href=\"https:\/\/zsip1katowice.edu.pl\/sp12\/bip\/wp-content\/uploads\/2026\/03\/zalacznik_nr_5_wniosek_-dofinansowanie_wypoczynku_dziecka.pdf\" class=\"uagb-infobox-link-wrap uagb-infbox__link-to-all\" target=\"_self\" aria-label=\"Infobox Link\" rel=\"noopener noreferrer\" onclick=\"return true;\"><\/a><div class=\"uagb-ifb-content\"><div class=\"uagb-ifb-left-title-image\"><div class=\"uagb-ifb-image-content\"><img decoding=\"async\" src=\"https:\/\/zsip1katowice.edu.pl\/sp12\/bip\/wp-content\/uploads\/2024\/04\/icons8-pdf-48.png\" alt=\"\" width=\"\" height=\"0\" loading=\"lazy\"\/><\/div><div class=\"uagb-ifb-title-wrap\"><h6 class=\"uagb-ifb-title\">WNIOSEK o dofinansowanie wypoczynku dziecka<\/h6><\/div><\/div><div class=\"uagb-ifb-button-wrapper wp-block-button\"><\/div><\/div><\/div>\n<\/div><\/div>\n\n\n\n<div class=\"wp-block-uagb-container uagb-block-b4aa1522 alignfull uagb-is-root-container\"><div class=\"uagb-container-inner-blocks-wrap\">\n<div class=\"wp-block-uagb-info-box uagb-block-d72e69d3 uagb-infobox__content-wrap  uagb-infobox_cta-type-all uagb-infobox-icon-left-title uagb-infobox-left uagb-infobox-image-valign-top\"><a href=\"https:\/\/zsip1katowice.edu.pl\/sp12\/bip\/wp-content\/uploads\/2026\/03\/zalacznik_nr6_wniosek_pracownika_o_zapomoge_socjalna.pdf\" class=\"uagb-infobox-link-wrap uagb-infbox__link-to-all\" target=\"_self\" aria-label=\"Infobox Link\" rel=\"noopener noreferrer\" onclick=\"return true;\"><\/a><div class=\"uagb-ifb-content\"><div class=\"uagb-ifb-left-title-image\"><div class=\"uagb-ifb-image-content\"><img decoding=\"async\" src=\"https:\/\/zsip1katowice.edu.pl\/sp12\/bip\/wp-content\/uploads\/2024\/04\/icons8-pdf-48.png\" alt=\"\" width=\"\" height=\"0\" loading=\"lazy\"\/><\/div><div class=\"uagb-ifb-title-wrap\"><h6 class=\"uagb-ifb-title\">WNIOSEK PRACOWNIKA O PRZYZNANIE \u015aWIADCZENIA SOCJALNEGO<\/h6><\/div><\/div><div class=\"uagb-ifb-button-wrapper wp-block-button\"><\/div><\/div><\/div>\n<\/div><\/div>\n\n\n\n<div class=\"wp-block-uagb-container uagb-block-30ea0ccd alignfull uagb-is-root-container\"><div class=\"uagb-container-inner-blocks-wrap\">\n<div class=\"wp-block-uagb-info-box uagb-block-defda424 uagb-infobox__content-wrap  uagb-infobox_cta-type-all uagb-infobox-icon-left-title uagb-infobox-left uagb-infobox-image-valign-top\"><a href=\"https:\/\/zsip1katowice.edu.pl\/sp12\/bip\/wp-content\/uploads\/2026\/03\/zalacznik_nr6a_wniosek_emeryta_o_zapomoge_socjalna.pdf\" class=\"uagb-infobox-link-wrap uagb-infbox__link-to-all\" target=\"_self\" aria-label=\"Infobox Link\" rel=\"noopener noreferrer\" onclick=\"return true;\"><\/a><div class=\"uagb-ifb-content\"><div class=\"uagb-ifb-left-title-image\"><div class=\"uagb-ifb-image-content\"><img decoding=\"async\" src=\"https:\/\/zsip1katowice.edu.pl\/sp12\/bip\/wp-content\/uploads\/2024\/04\/icons8-pdf-48.png\" alt=\"\" width=\"\" height=\"0\" loading=\"lazy\"\/><\/div><div class=\"uagb-ifb-title-wrap\"><h6 class=\"uagb-ifb-title\">WNIOSEK EMERYTA O PRZYZNANIE \u015aWIADCZENIA SOCJALNEGO<\/h6><\/div><\/div><div class=\"uagb-ifb-button-wrapper wp-block-button\"><\/div><\/div><\/div>\n<\/div><\/div>\n\n\n\n<div class=\"wp-block-uagb-container uagb-block-bde55a6b alignfull uagb-is-root-container\"><div class=\"uagb-container-inner-blocks-wrap\">\n<div class=\"wp-block-uagb-info-box uagb-block-29eac302 uagb-infobox__content-wrap  uagb-infobox_cta-type-all uagb-infobox-icon-left-title uagb-infobox-left uagb-infobox-image-valign-top\"><a href=\"https:\/\/zsip1katowice.edu.pl\/sp12\/bip\/wp-content\/uploads\/2026\/03\/zalacznik_nr7_wniosek_pracownika_o_zapomoge_-swiateczna.pdf\" class=\"uagb-infobox-link-wrap uagb-infbox__link-to-all\" target=\"_self\" aria-label=\"Infobox Link\" rel=\"noopener noreferrer\" onclick=\"return true;\"><\/a><div class=\"uagb-ifb-content\"><div class=\"uagb-ifb-left-title-image\"><div class=\"uagb-ifb-image-content\"><img decoding=\"async\" src=\"https:\/\/zsip1katowice.edu.pl\/sp12\/bip\/wp-content\/uploads\/2024\/04\/icons8-pdf-48.png\" alt=\"\" width=\"\" height=\"0\" loading=\"lazy\"\/><\/div><div class=\"uagb-ifb-title-wrap\"><h6 class=\"uagb-ifb-title\">WNIOSEK o zapomog\u0119 \u015bwi\u0104teczn\u0105 &#8211; pracownik<\/h6><\/div><\/div><div class=\"uagb-ifb-button-wrapper wp-block-button\"><\/div><\/div><\/div>\n<\/div><\/div>\n\n\n\n<div class=\"wp-block-uagb-container uagb-block-a0b39483 alignfull uagb-is-root-container\"><div class=\"uagb-container-inner-blocks-wrap\">\n<div class=\"wp-block-uagb-info-box uagb-block-dc6f0077 uagb-infobox__content-wrap  uagb-infobox_cta-type-all uagb-infobox-icon-left-title uagb-infobox-left uagb-infobox-image-valign-top\"><a href=\"https:\/\/zsip1katowice.edu.pl\/sp12\/bip\/wp-content\/uploads\/2026\/03\/zalacznik_nr7a_wniosek_emeryta_o_zapomoge_swiateczna.pdf\" class=\"uagb-infobox-link-wrap uagb-infbox__link-to-all\" target=\"_self\" aria-label=\"Infobox Link\" rel=\"noopener noreferrer\" onclick=\"return true;\"><\/a><div class=\"uagb-ifb-content\"><div class=\"uagb-ifb-left-title-image\"><div class=\"uagb-ifb-image-content\"><img decoding=\"async\" src=\"https:\/\/zsip1katowice.edu.pl\/sp12\/bip\/wp-content\/uploads\/2024\/04\/icons8-pdf-48.png\" alt=\"\" width=\"\" height=\"0\" loading=\"lazy\"\/><\/div><div class=\"uagb-ifb-title-wrap\"><h6 class=\"uagb-ifb-title\">WNIOSEK o zapomog\u0119 \u015bwi\u0104teczn\u0105 &#8211; EMERYT, RENCISTA<\/h6><\/div><\/div><div class=\"uagb-ifb-button-wrapper wp-block-button\"><\/div><\/div><\/div>\n<\/div><\/div>\n\n\n\n<div class=\"wp-block-uagb-container uagb-block-c33a14f1 alignfull uagb-is-root-container\"><div class=\"uagb-container-inner-blocks-wrap\">\n<div class=\"wp-block-uagb-info-box uagb-block-b5dea13f uagb-infobox__content-wrap  uagb-infobox_cta-type-all uagb-infobox-icon-left-title uagb-infobox-left uagb-infobox-image-valign-top\"><a href=\"https:\/\/zsip1katowice.edu.pl\/sp12\/bip\/wp-content\/uploads\/2026\/03\/zalacznik_nr8_wniosek_o_pozyczke_mieszkaniowa.pdf\" class=\"uagb-infobox-link-wrap uagb-infbox__link-to-all\" target=\"_self\" aria-label=\"Infobox Link\" rel=\"noopener noreferrer\" onclick=\"return true;\"><\/a><div class=\"uagb-ifb-content\"><div class=\"uagb-ifb-left-title-image\"><div class=\"uagb-ifb-image-content\"><img decoding=\"async\" src=\"https:\/\/zsip1katowice.edu.pl\/sp12\/bip\/wp-content\/uploads\/2024\/04\/icons8-pdf-48.png\" alt=\"\" width=\"\" height=\"0\" loading=\"lazy\"\/><\/div><div class=\"uagb-ifb-title-wrap\"><h6 class=\"uagb-ifb-title\">WNIOSEK o PO\u017bYCZK\u0118 MIESZKANIOW\u0104<\/h6><\/div><\/div><div class=\"uagb-ifb-button-wrapper wp-block-button\"><\/div><\/div><\/div>\n<\/div><\/div>\n\n\n\n<div class=\"wp-block-uagb-container uagb-block-01bf7845 alignfull uagb-is-root-container\"><div class=\"uagb-container-inner-blocks-wrap\">\n<div class=\"wp-block-uagb-info-box uagb-block-686c81ce uagb-infobox__content-wrap  uagb-infobox_cta-type-all uagb-infobox-icon-left-title uagb-infobox-left uagb-infobox-image-valign-top\"><a href=\"https:\/\/zsip1katowice.edu.pl\/sp12\/bip\/wp-content\/uploads\/2026\/03\/zalacznik_nr9_umowa_o_pozyczke_mieszkaniowa.pdf\" class=\"uagb-infobox-link-wrap uagb-infbox__link-to-all\" target=\"_self\" aria-label=\"Infobox Link\" rel=\"noopener noreferrer\" onclick=\"return true;\"><\/a><div class=\"uagb-ifb-content\"><div class=\"uagb-ifb-left-title-image\"><div class=\"uagb-ifb-image-content\"><img decoding=\"async\" src=\"https:\/\/zsip1katowice.edu.pl\/sp12\/bip\/wp-content\/uploads\/2024\/04\/icons8-pdf-48.png\" alt=\"\" width=\"\" height=\"0\" loading=\"lazy\"\/><\/div><div class=\"uagb-ifb-title-wrap\"><h6 class=\"uagb-ifb-title\">UMOWA W SPRAWIE PO\u017bYCZKI MIESZKANIOWEJ<\/h6><\/div><\/div><div class=\"uagb-ifb-button-wrapper wp-block-button\"><\/div><\/div><\/div>\n<\/div><\/div>\n\n\n\n\n\n<p><\/p>\n","protected":false},"excerpt":{"rendered":"","protected":false},"author":1,"featured_media":0,"parent":0,"menu_order":0,"comment_status":"closed","ping_status":"closed","template":"","meta":{"_uag_custom_page_level_css":"","footnotes":""},"class_list":["post-28","page","type-page","status-publish","hentry"],"uagb_featured_image_src":{"full":false,"thumbnail":false,"medium":false,"medium_large":false,"large":false,"1536x1536":false,"2048x2048":false,"post-thumbnail":false},"uagb_author_info":{"display_name":"admin","author_link":"https:\/\/zsip1katowice.edu.pl\/sp12\/bip\/author\/admin\/"},"uagb_comment_info":0,"uagb_excerpt":null,"_links":{"self":[{"href":"https:\/\/zsip1katowice.edu.pl\/sp12\/bip\/wp-json\/wp\/v2\/pages\/28","targetHints":{"allow":["GET"]}}],"collection":[{"href":"https:\/\/zsip1katowice.edu.pl\/sp12\/bip\/wp-json\/wp\/v2\/pages"}],"about":[{"href":"https:\/\/zsip1katowice.edu.pl\/sp12\/bip\/wp-json\/wp\/v2\/types\/page"}],"author":[{"embeddable":true,"href":"https:\/\/zsip1katowice.edu.pl\/sp12\/bip\/wp-json\/wp\/v2\/users\/1"}],"replies":[{"embeddable":true,"href":"https:\/\/zsip1katowice.edu.pl\/sp12\/bip\/wp-json\/wp\/v2\/comments?post=28"}],"version-history":[{"count":55,"href":"https:\/\/zsip1katowice.edu.pl\/sp12\/bip\/wp-json\/wp\/v2\/pages\/28\/revisions"}],"predecessor-version":[{"id":347,"href":"https:\/\/zsip1katowice.edu.pl\/sp12\/bip\/wp-json\/wp\/v2\/pages\/28\/revisions\/347"}],"wp:attachment":[{"href":"https:\/\/zsip1katowice.edu.pl\/sp12\/bip\/wp-json\/wp\/v2\/media?parent=28"}],"curies":[{"name":"wp","href":"https:\/\/api.w.org\/{rel}","templated":true}]}}