{"id":34,"date":"2024-03-25T21:16:50","date_gmt":"2024-03-25T21:16:50","guid":{"rendered":"https:\/\/zsip1katowice.edu.pl\/sp12\/bip\/?page_id=34"},"modified":"2026-03-13T10:09:55","modified_gmt":"2026-03-13T10:09:55","slug":"dyrekcja","status":"publish","type":"page","link":"https:\/\/zsip1katowice.edu.pl\/sp12\/bip\/dyrekcja\/","title":{"rendered":"Dyrekcja"},"content":{"rendered":"\n<p><strong>Dyrekcja Zespo\u0142u Szk\u00f3\u0142 i Plac\u00f3wek nr 1 w Katowicach:<\/strong><\/p>\n\n\n\n<p><strong><a href=\"https:\/\/zsip1katowice.edu.pl\/sp12\/kontakt\/dyrekcja\/\">DYREKTOR ZSiP 1 \u2013 Jerzy BAKOWSKI<\/a><\/strong><\/p>\n\n\n\n<p><strong><a href=\"https:\/\/zsip1katowice.edu.pl\/sp12\/kontakt\/dyrekcja\/\">WICEDYREKTOR ZSiP1 dla SP12 i MOS \u2013 Agnieszka SZWEDA<\/a><\/strong><\/p>\n\n\n\n<p><strong><a href=\"https:\/\/zsip1katowice.edu.pl\/sp12\/kontakt\/dyrekcja\/\">WICEDYREKTOR ZSiP1 dla SP12 \u2013 Agnieszka MASZCZYK<\/a><\/strong><\/p>\n\n\n\n<p><strong><a href=\"https:\/\/zsip1katowice.edu.pl\/sp12\/kontakt\/dyrekcja\/\">WICEDYREKTOR ZSiP1 dla MP 55 \u2013 Magdalena DRACHEIM<\/a><\/strong><\/p>\n","protected":false},"excerpt":{"rendered":"<p>Dyrekcja Zespo\u0142u Szk\u00f3\u0142 i Plac\u00f3wek nr 1 w Katowicach: DYREKTOR ZSiP 1 \u2013 Jerzy BAKOWSKI WICEDYREKTOR ZSiP1 dla SP12 i MOS \u2013 Agnieszka SZWEDA WICEDYREKTOR ZSiP1 dla SP12 \u2013 Agnieszka MASZCZYK WICEDYREKTOR ZSiP1 dla MP 55 \u2013 Magdalena DRACHEIM<\/p>\n","protected":false},"author":1,"featured_media":0,"parent":0,"menu_order":0,"comment_status":"closed","ping_status":"closed","template":"","meta":{"_uag_custom_page_level_css":"","footnotes":""},"class_list":["post-34","page","type-page","status-publish","hentry"],"uagb_featured_image_src":{"full":false,"thumbnail":false,"medium":false,"medium_large":false,"large":false,"1536x1536":false,"2048x2048":false,"post-thumbnail":false},"uagb_author_info":{"display_name":"admin","author_link":"https:\/\/zsip1katowice.edu.pl\/sp12\/bip\/author\/admin\/"},"uagb_comment_info":0,"uagb_excerpt":"Dyrekcja Zespo\u0142u Szk\u00f3\u0142 i Plac\u00f3wek nr 1 w Katowicach: DYREKTOR ZSiP 1 \u2013 Jerzy BAKOWSKI WICEDYREKTOR ZSiP1 dla SP12 i MOS \u2013 Agnieszka SZWEDA WICEDYREKTOR ZSiP1 dla SP12 \u2013 Agnieszka MASZCZYK WICEDYREKTOR ZSiP1 dla MP 55 \u2013 Magdalena DRACHEIM","_links":{"self":[{"href":"https:\/\/zsip1katowice.edu.pl\/sp12\/bip\/wp-json\/wp\/v2\/pages\/34","targetHints":{"allow":["GET"]}}],"collection":[{"href":"https:\/\/zsip1katowice.edu.pl\/sp12\/bip\/wp-json\/wp\/v2\/pages"}],"about":[{"href":"https:\/\/zsip1katowice.edu.pl\/sp12\/bip\/wp-json\/wp\/v2\/types\/page"}],"author":[{"embeddable":true,"href":"https:\/\/zsip1katowice.edu.pl\/sp12\/bip\/wp-json\/wp\/v2\/users\/1"}],"replies":[{"embeddable":true,"href":"https:\/\/zsip1katowice.edu.pl\/sp12\/bip\/wp-json\/wp\/v2\/comments?post=34"}],"version-history":[{"count":4,"href":"https:\/\/zsip1katowice.edu.pl\/sp12\/bip\/wp-json\/wp\/v2\/pages\/34\/revisions"}],"predecessor-version":[{"id":300,"href":"https:\/\/zsip1katowice.edu.pl\/sp12\/bip\/wp-json\/wp\/v2\/pages\/34\/revisions\/300"}],"wp:attachment":[{"href":"https:\/\/zsip1katowice.edu.pl\/sp12\/bip\/wp-json\/wp\/v2\/media?parent=34"}],"curies":[{"name":"wp","href":"https:\/\/api.w.org\/{rel}","templated":true}]}}