{"id":36,"date":"2024-03-25T21:17:03","date_gmt":"2024-03-25T21:17:03","guid":{"rendered":"https:\/\/zsip1katowice.edu.pl\/sp12\/bip\/?page_id=36"},"modified":"2024-08-30T19:08:08","modified_gmt":"2024-08-30T19:08:08","slug":"sekretariat","status":"publish","type":"page","link":"https:\/\/zsip1katowice.edu.pl\/sp12\/bip\/sekretariat\/","title":{"rendered":"Sekretariat"},"content":{"rendered":"\n<p>Sekretariat Zespo\u0142u przyjmuje podania, wnioski i pisma interesant\u00f3w. Sprawy mo\u017cna za\u0142atwia\u0107 korespondencyjnie kieruj\u0105c je na adres:<\/p>\n\n\n\n<p><strong>Zesp\u00f3\u0142 Szk\u00f3\u0142 i Plac\u00f3wek nr 1<br>ul. Paderewskiego 46<br>40-282<\/strong>&nbsp;<strong>Katowice<\/strong><br>Sprawy s\u0105 rozpatrywane z&nbsp;zachowaniem trybu i&nbsp;termin\u00f3w zgodnych z&nbsp;Kodeksem Post\u0119powania Administracyjnego. Sekretariat Zespo\u0142u udziela szczeg\u00f3\u0142owych informacji dotycz\u0105cych sposobu za\u0142atwiania spraw.&nbsp;&nbsp;<\/p>\n\n\n\n<p><strong>GODZINY PRACY SEKRETARIATU ZESPO\u0141U<\/strong> <strong>od 02.09.2024<\/strong>:<\/p>\n\n\n\n<figure class=\"wp-block-table is-style-stripes has-medium-font-size\" style=\"text-transform:uppercase\"><table><tbody><tr><td>Poniedzia\u0142ek<\/td><td>7:00 do 15:00<\/td><\/tr><tr><td>Wtorek<\/td><td>7:00 do 15:00<\/td><\/tr><tr><td>\u015aroda<\/td><td>7:00 do 15:00<\/td><\/tr><tr><td>Czwartek<\/td><td>7:00 do <mark style=\"background-color:rgba(0, 0, 0, 0);color:#1d10ed\" class=\"has-inline-color\"><strong>12:00<\/strong><\/mark><br>(od 12:00 do 15:00 Godziny Wewn\u0119trzne ZSiP1)<\/td><\/tr><tr><td>Pi\u0105tek<\/td><td>7:00 do 15:00<\/td><\/tr><\/tbody><\/table><\/figure>\n\n\n\n<p>Po godzinach pracy dokumenty mo\u017cna zostawia\u0107 w skrzynce podawczej znajduj\u0105cej si\u0119 na portierni.<\/p>\n\n\n\n<p><\/p>\n","protected":false},"excerpt":{"rendered":"<p>Sekretariat Zespo\u0142u przyjmuje podania, wnioski i pisma interesant\u00f3w. Sprawy mo\u017cna za\u0142atwia\u0107 korespondencyjnie kieruj\u0105c je na adres: Zesp\u00f3\u0142 Szk\u00f3\u0142 i Plac\u00f3wek nr 1ul. Paderewskiego 4640-282&nbsp;KatowiceSprawy s\u0105 rozpatrywane z&nbsp;zachowaniem trybu i&nbsp;termin\u00f3w zgodnych z&nbsp;Kodeksem Post\u0119powania Administracyjnego. Sekretariat Zespo\u0142u udziela szczeg\u00f3\u0142owych informacji dotycz\u0105cych sposobu za\u0142atwiania spraw.&nbsp;&nbsp; GODZINY PRACY SEKRETARIATU ZESPO\u0141U od 02.09.2024: Poniedzia\u0142ek 7:00 do 15:00 Wtorek 7:00 do &hellip; <a href=\"https:\/\/zsip1katowice.edu.pl\/sp12\/bip\/sekretariat\/\" class=\"more-link\">Czytaj dalej <span class=\"screen-reader-text\">Sekretariat<\/span><\/a><\/p>\n","protected":false},"author":1,"featured_media":0,"parent":0,"menu_order":0,"comment_status":"closed","ping_status":"closed","template":"","meta":{"_uag_custom_page_level_css":"","footnotes":""},"class_list":["post-36","page","type-page","status-publish","hentry"],"uagb_featured_image_src":{"full":false,"thumbnail":false,"medium":false,"medium_large":false,"large":false,"1536x1536":false,"2048x2048":false,"post-thumbnail":false},"uagb_author_info":{"display_name":"admin","author_link":"https:\/\/zsip1katowice.edu.pl\/sp12\/bip\/author\/admin\/"},"uagb_comment_info":0,"uagb_excerpt":"Sekretariat Zespo\u0142u przyjmuje podania, wnioski i pisma interesant\u00f3w. Sprawy mo\u017cna za\u0142atwia\u0107 korespondencyjnie kieruj\u0105c je na adres: Zesp\u00f3\u0142 Szk\u00f3\u0142 i Plac\u00f3wek nr 1ul. Paderewskiego 4640-282&nbsp;KatowiceSprawy s\u0105 rozpatrywane z&nbsp;zachowaniem trybu i&nbsp;termin\u00f3w zgodnych z&nbsp;Kodeksem Post\u0119powania Administracyjnego. Sekretariat Zespo\u0142u udziela szczeg\u00f3\u0142owych informacji dotycz\u0105cych sposobu za\u0142atwiania spraw.&nbsp;&nbsp; GODZINY PRACY SEKRETARIATU ZESPO\u0141U od 02.09.2024: Poniedzia\u0142ek 7:00 do 15:00 Wtorek 7:00 do&hellip;","_links":{"self":[{"href":"https:\/\/zsip1katowice.edu.pl\/sp12\/bip\/wp-json\/wp\/v2\/pages\/36","targetHints":{"allow":["GET"]}}],"collection":[{"href":"https:\/\/zsip1katowice.edu.pl\/sp12\/bip\/wp-json\/wp\/v2\/pages"}],"about":[{"href":"https:\/\/zsip1katowice.edu.pl\/sp12\/bip\/wp-json\/wp\/v2\/types\/page"}],"author":[{"embeddable":true,"href":"https:\/\/zsip1katowice.edu.pl\/sp12\/bip\/wp-json\/wp\/v2\/users\/1"}],"replies":[{"embeddable":true,"href":"https:\/\/zsip1katowice.edu.pl\/sp12\/bip\/wp-json\/wp\/v2\/comments?post=36"}],"version-history":[{"count":5,"href":"https:\/\/zsip1katowice.edu.pl\/sp12\/bip\/wp-json\/wp\/v2\/pages\/36\/revisions"}],"predecessor-version":[{"id":183,"href":"https:\/\/zsip1katowice.edu.pl\/sp12\/bip\/wp-json\/wp\/v2\/pages\/36\/revisions\/183"}],"wp:attachment":[{"href":"https:\/\/zsip1katowice.edu.pl\/sp12\/bip\/wp-json\/wp\/v2\/media?parent=36"}],"curies":[{"name":"wp","href":"https:\/\/api.w.org\/{rel}","templated":true}]}}