{"id":38,"date":"2024-03-25T21:17:21","date_gmt":"2024-03-25T21:17:21","guid":{"rendered":"https:\/\/zsip1katowice.edu.pl\/sp12\/bip\/?page_id=38"},"modified":"2026-03-17T13:14:35","modified_gmt":"2026-03-17T13:14:35","slug":"przyjmowanie-i-zalatwianie-spraw","status":"publish","type":"page","link":"https:\/\/zsip1katowice.edu.pl\/sp12\/bip\/przyjmowanie-i-zalatwianie-spraw\/","title":{"rendered":"Przyjmowanie i za\u0142atwianie spraw"},"content":{"rendered":"\n<p>Sekretariat Zespo\u0142u przyjmuje podania, wnioski i pisma interesant\u00f3w (korespondencj\u0119 mo\u017cna tak\u017ce kierowa\u0107 drog\u0105 elektroniczn\u0105 na mail:\u00a0<a href=\"mailto:sekretariat@zsip1katowice.edu.pl\">sekretariat@zsip1katowice.edu.pl<\/a><\/p>\n\n\n\n<p>Kontakt: eDor\u0119czenia \u2013 AE:PL-66314-21926-VITGJ-30<\/p>\n\n\n\n<p>Sprawy s\u0105 rozpatrywane z zachowaniem trybu i termin\u00f3w zgodnych z kodeksem post\u0119powania administracyjnego.<\/p>\n\n\n\n<p>Sekretariat Zespo\u0142u udziela szczeg\u00f3\u0142owych informacji dotycz\u0105cych sposobu za\u0142atwiania spraw.<\/p>\n\n\n\n<p>Godziny urz\u0119dowania sekretariatu znajduj\u0105 si\u0119 w zak\u0142adce <a href=\"https:\/\/zsip1katowice.edu.pl\/sp12\/bip\/sekretariat\/\">Sekretariat.<\/a><\/p>\n\n\n\n<p>Skargi i wnioski przyjmowane s\u0105 w godzinach pracy sekretariatu.<\/p>\n","protected":false},"excerpt":{"rendered":"<p>Sekretariat Zespo\u0142u przyjmuje podania, wnioski i pisma interesant\u00f3w (korespondencj\u0119 mo\u017cna tak\u017ce kierowa\u0107 drog\u0105 elektroniczn\u0105 na mail:\u00a0sekretariat@zsip1katowice.edu.pl Kontakt: eDor\u0119czenia \u2013 AE:PL-66314-21926-VITGJ-30 Sprawy s\u0105 rozpatrywane z zachowaniem trybu i termin\u00f3w zgodnych z kodeksem post\u0119powania administracyjnego. Sekretariat Zespo\u0142u udziela szczeg\u00f3\u0142owych informacji dotycz\u0105cych sposobu za\u0142atwiania spraw. Godziny urz\u0119dowania sekretariatu znajduj\u0105 si\u0119 w zak\u0142adce Sekretariat. Skargi i wnioski przyjmowane s\u0105 &hellip; <a href=\"https:\/\/zsip1katowice.edu.pl\/sp12\/bip\/przyjmowanie-i-zalatwianie-spraw\/\" class=\"more-link\">Czytaj dalej <span class=\"screen-reader-text\">Przyjmowanie i za\u0142atwianie spraw<\/span><\/a><\/p>\n","protected":false},"author":1,"featured_media":0,"parent":0,"menu_order":0,"comment_status":"closed","ping_status":"closed","template":"","meta":{"_uag_custom_page_level_css":"","footnotes":""},"class_list":["post-38","page","type-page","status-publish","hentry"],"uagb_featured_image_src":{"full":false,"thumbnail":false,"medium":false,"medium_large":false,"large":false,"1536x1536":false,"2048x2048":false,"post-thumbnail":false},"uagb_author_info":{"display_name":"Tomasz Leczkowski","author_link":"https:\/\/zsip1katowice.edu.pl\/sp12\/bip\/author\/admin\/"},"uagb_comment_info":0,"uagb_excerpt":"Sekretariat Zespo\u0142u przyjmuje podania, wnioski i pisma interesant\u00f3w (korespondencj\u0119 mo\u017cna tak\u017ce kierowa\u0107 drog\u0105 elektroniczn\u0105 na mail:\u00a0sekretariat@zsip1katowice.edu.pl Kontakt: eDor\u0119czenia \u2013 AE:PL-66314-21926-VITGJ-30 Sprawy s\u0105 rozpatrywane z zachowaniem trybu i termin\u00f3w zgodnych z kodeksem post\u0119powania administracyjnego. Sekretariat Zespo\u0142u udziela szczeg\u00f3\u0142owych informacji dotycz\u0105cych sposobu za\u0142atwiania spraw. Godziny urz\u0119dowania sekretariatu znajduj\u0105 si\u0119 w zak\u0142adce Sekretariat. Skargi i wnioski przyjmowane s\u0105&hellip;","_links":{"self":[{"href":"https:\/\/zsip1katowice.edu.pl\/sp12\/bip\/wp-json\/wp\/v2\/pages\/38","targetHints":{"allow":["GET"]}}],"collection":[{"href":"https:\/\/zsip1katowice.edu.pl\/sp12\/bip\/wp-json\/wp\/v2\/pages"}],"about":[{"href":"https:\/\/zsip1katowice.edu.pl\/sp12\/bip\/wp-json\/wp\/v2\/types\/page"}],"author":[{"embeddable":true,"href":"https:\/\/zsip1katowice.edu.pl\/sp12\/bip\/wp-json\/wp\/v2\/users\/1"}],"replies":[{"embeddable":true,"href":"https:\/\/zsip1katowice.edu.pl\/sp12\/bip\/wp-json\/wp\/v2\/comments?post=38"}],"version-history":[{"count":5,"href":"https:\/\/zsip1katowice.edu.pl\/sp12\/bip\/wp-json\/wp\/v2\/pages\/38\/revisions"}],"predecessor-version":[{"id":322,"href":"https:\/\/zsip1katowice.edu.pl\/sp12\/bip\/wp-json\/wp\/v2\/pages\/38\/revisions\/322"}],"wp:attachment":[{"href":"https:\/\/zsip1katowice.edu.pl\/sp12\/bip\/wp-json\/wp\/v2\/media?parent=38"}],"curies":[{"name":"wp","href":"https:\/\/api.w.org\/{rel}","templated":true}]}}