{"id":48,"date":"2024-03-25T21:18:51","date_gmt":"2024-03-25T21:18:51","guid":{"rendered":"https:\/\/zsip1katowice.edu.pl\/sp12\/bip\/?page_id=48"},"modified":"2024-03-26T07:07:16","modified_gmt":"2024-03-26T07:07:16","slug":"udostepnianie-informacji","status":"publish","type":"page","link":"https:\/\/zsip1katowice.edu.pl\/sp12\/bip\/udostepnianie-informacji\/","title":{"rendered":"Udost\u0119pnianie informacji"},"content":{"rendered":"\n<p>Informacje publiczne, kt\u00f3re nie zosta\u0142y zamieszczone w Biuletynie Informacji Publicznej, a tak\u017ce nie zosta\u0142y udost\u0119pnione w drodze wy\u0142o\u017cenia lub wywieszenia, udost\u0119pniane s\u0105 wszystkim zainteresowanym na wniosek.<\/p>\n","protected":false},"excerpt":{"rendered":"<p>Informacje publiczne, kt\u00f3re nie zosta\u0142y zamieszczone w Biuletynie Informacji Publicznej, a tak\u017ce nie zosta\u0142y udost\u0119pnione w drodze wy\u0142o\u017cenia lub wywieszenia, udost\u0119pniane s\u0105 wszystkim zainteresowanym na wniosek.<\/p>\n","protected":false},"author":1,"featured_media":0,"parent":0,"menu_order":0,"comment_status":"closed","ping_status":"closed","template":"","meta":{"_uag_custom_page_level_css":"","footnotes":""},"class_list":["post-48","page","type-page","status-publish","hentry"],"uagb_featured_image_src":{"full":false,"thumbnail":false,"medium":false,"medium_large":false,"large":false,"1536x1536":false,"2048x2048":false,"post-thumbnail":false},"uagb_author_info":{"display_name":"admin","author_link":"https:\/\/zsip1katowice.edu.pl\/sp12\/bip\/author\/admin\/"},"uagb_comment_info":0,"uagb_excerpt":"Informacje publiczne, kt\u00f3re nie zosta\u0142y zamieszczone w Biuletynie Informacji Publicznej, a tak\u017ce nie zosta\u0142y udost\u0119pnione w drodze wy\u0142o\u017cenia lub wywieszenia, udost\u0119pniane s\u0105 wszystkim zainteresowanym na wniosek.","_links":{"self":[{"href":"https:\/\/zsip1katowice.edu.pl\/sp12\/bip\/wp-json\/wp\/v2\/pages\/48","targetHints":{"allow":["GET"]}}],"collection":[{"href":"https:\/\/zsip1katowice.edu.pl\/sp12\/bip\/wp-json\/wp\/v2\/pages"}],"about":[{"href":"https:\/\/zsip1katowice.edu.pl\/sp12\/bip\/wp-json\/wp\/v2\/types\/page"}],"author":[{"embeddable":true,"href":"https:\/\/zsip1katowice.edu.pl\/sp12\/bip\/wp-json\/wp\/v2\/users\/1"}],"replies":[{"embeddable":true,"href":"https:\/\/zsip1katowice.edu.pl\/sp12\/bip\/wp-json\/wp\/v2\/comments?post=48"}],"version-history":[{"count":2,"href":"https:\/\/zsip1katowice.edu.pl\/sp12\/bip\/wp-json\/wp\/v2\/pages\/48\/revisions"}],"predecessor-version":[{"id":106,"href":"https:\/\/zsip1katowice.edu.pl\/sp12\/bip\/wp-json\/wp\/v2\/pages\/48\/revisions\/106"}],"wp:attachment":[{"href":"https:\/\/zsip1katowice.edu.pl\/sp12\/bip\/wp-json\/wp\/v2\/media?parent=48"}],"curies":[{"name":"wp","href":"https:\/\/api.w.org\/{rel}","templated":true}]}}