{"id":54,"date":"2024-03-25T21:19:31","date_gmt":"2024-03-25T21:19:31","guid":{"rendered":"https:\/\/zsip1katowice.edu.pl\/sp12\/bip\/?page_id=54"},"modified":"2026-05-13T09:10:06","modified_gmt":"2026-05-13T09:10:06","slug":"epuap","status":"publish","type":"page","link":"https:\/\/zsip1katowice.edu.pl\/sp12\/bip\/epuap\/","title":{"rendered":"e-Dor\u0119czenia"},"content":{"rendered":"\n<p><strong><strong>Nasz adres<\/strong>: AE:PL-66314-21926-VITGJ-30<\/strong><\/p>\n\n\n\n<p>eDor\u0119czenia to elektroniczny odpowiednik listu poleconego za potwierdzeniem odbioru. Dzi\u0119ki tej us\u0142udze podmioty publiczne, obywatele i firmy mog\u0105 korzysta\u0107 z wygodnych i bezpiecznych dor\u0119cze\u0144 elektronicznych. S\u0105 one r\u00f3wnowa\u017cne prawnie tradycyjnej przesy\u0142ce poleconej za potwierdzeniem odbioru.<\/p>\n\n\n\n<p>W skrzynce do e-Dor\u0119cze\u0144 mo\u017cna wysy\u0142a\u0107 i odbiera\u0107 dokumenty elektroniczne o dogodnej porze i z dowolnego miejsca. Wystarczy, \u017ce masz internet. Nie musisz czeka\u0107 na listonosza ani i\u015b\u0107 na poczt\u0119.<\/p>\n\n\n\n<p>Dokumenty lub no\u015bniki zawieraj\u0105ce oprogramowanie z\u0142o\u015bliwe b\u0119d\u0105 automatycznie odrzucane i nie zostan\u0105 rozpatrzone.<\/p>\n\n\n\n<p><strong><a href=\"https:\/\/www.gov.pl\/web\/e-doreczenia\">e-Dor\u0119czenia<\/a><\/strong><\/p>\n","protected":false},"excerpt":{"rendered":"<p>Nasz adres: AE:PL-66314-21926-VITGJ-30 eDor\u0119czenia to elektroniczny odpowiednik listu poleconego za potwierdzeniem odbioru. Dzi\u0119ki tej us\u0142udze podmioty publiczne, obywatele i firmy mog\u0105 korzysta\u0107 z wygodnych i bezpiecznych dor\u0119cze\u0144 elektronicznych. S\u0105 one r\u00f3wnowa\u017cne prawnie tradycyjnej przesy\u0142ce poleconej za potwierdzeniem odbioru. W skrzynce do e-Dor\u0119cze\u0144 mo\u017cna wysy\u0142a\u0107 i odbiera\u0107 dokumenty elektroniczne o dogodnej porze i z dowolnego miejsca. &hellip; <a href=\"https:\/\/zsip1katowice.edu.pl\/sp12\/bip\/epuap\/\" class=\"more-link\">Czytaj dalej <span class=\"screen-reader-text\">e-Dor\u0119czenia<\/span><\/a><\/p>\n","protected":false},"author":1,"featured_media":0,"parent":0,"menu_order":0,"comment_status":"closed","ping_status":"closed","template":"","meta":{"_uag_custom_page_level_css":"","footnotes":""},"class_list":["post-54","page","type-page","status-publish","hentry"],"uagb_featured_image_src":{"full":false,"thumbnail":false,"medium":false,"medium_large":false,"large":false,"1536x1536":false,"2048x2048":false,"post-thumbnail":false},"uagb_author_info":{"display_name":"Tomasz Leczkowski","author_link":"https:\/\/zsip1katowice.edu.pl\/sp12\/bip\/author\/admin\/"},"uagb_comment_info":0,"uagb_excerpt":"Nasz adres: AE:PL-66314-21926-VITGJ-30 eDor\u0119czenia to elektroniczny odpowiednik listu poleconego za potwierdzeniem odbioru. Dzi\u0119ki tej us\u0142udze podmioty publiczne, obywatele i firmy mog\u0105 korzysta\u0107 z wygodnych i bezpiecznych dor\u0119cze\u0144 elektronicznych. S\u0105 one r\u00f3wnowa\u017cne prawnie tradycyjnej przesy\u0142ce poleconej za potwierdzeniem odbioru. W skrzynce do e-Dor\u0119cze\u0144 mo\u017cna wysy\u0142a\u0107 i odbiera\u0107 dokumenty elektroniczne o dogodnej porze i z dowolnego miejsca.&hellip;","_links":{"self":[{"href":"https:\/\/zsip1katowice.edu.pl\/sp12\/bip\/wp-json\/wp\/v2\/pages\/54","targetHints":{"allow":["GET"]}}],"collection":[{"href":"https:\/\/zsip1katowice.edu.pl\/sp12\/bip\/wp-json\/wp\/v2\/pages"}],"about":[{"href":"https:\/\/zsip1katowice.edu.pl\/sp12\/bip\/wp-json\/wp\/v2\/types\/page"}],"author":[{"embeddable":true,"href":"https:\/\/zsip1katowice.edu.pl\/sp12\/bip\/wp-json\/wp\/v2\/users\/1"}],"replies":[{"embeddable":true,"href":"https:\/\/zsip1katowice.edu.pl\/sp12\/bip\/wp-json\/wp\/v2\/comments?post=54"}],"version-history":[{"count":7,"href":"https:\/\/zsip1katowice.edu.pl\/sp12\/bip\/wp-json\/wp\/v2\/pages\/54\/revisions"}],"predecessor-version":[{"id":307,"href":"https:\/\/zsip1katowice.edu.pl\/sp12\/bip\/wp-json\/wp\/v2\/pages\/54\/revisions\/307"}],"wp:attachment":[{"href":"https:\/\/zsip1katowice.edu.pl\/sp12\/bip\/wp-json\/wp\/v2\/media?parent=54"}],"curies":[{"name":"wp","href":"https:\/\/api.w.org\/{rel}","templated":true}]}}