{"id":58,"date":"2024-03-25T21:19:55","date_gmt":"2024-03-25T21:19:55","guid":{"rendered":"https:\/\/zsip1katowice.edu.pl\/sp12\/bip\/?page_id=58"},"modified":"2024-03-26T07:11:44","modified_gmt":"2024-03-26T07:11:44","slug":"dostep-do-informacji-publicznych","status":"publish","type":"page","link":"https:\/\/zsip1katowice.edu.pl\/sp12\/bip\/dostep-do-informacji-publicznych\/","title":{"rendered":"Dost\u0119p do informacji publicznych"},"content":{"rendered":"\n<p>Ponowne wykorzystywanie informacji sektora publicznego.<\/p>\n\n\n\n<p><strong>Og\u00f3lny opis<\/strong><\/p>\n\n\n\n<p>Informacja sektora publicznego \u2013 ka\u017cda tre\u015b\u0107 lub jej cze\u015b\u0107 niezale\u017cnie od sposobu utrwalenia (w postaci papierowej, elektronicznej, d\u017awi\u0119kowej, wizualnej lub audiowizualnej) b\u0119d\u0105ca w posiadaniu podmiot\u00f3w, kt\u00f3re udost\u0119pniaj\u0105 lub przekazuj\u0105 t\u0119 informacje w celu ponownego wykorzystywania.<br>Ponowne wykorzystywanie \u2013 wykorzystywanie przez osoby fizyczne, osoby prawne i jednostki organizacyjne nieposiadaj\u0105ce osobowo\u015bci prawnej, zwane dalej \u201eu\u017cytkownikami\u201d, informacji sektora publicznego, w celach komercyjnych lub niekomercyjnych innych ni\u017c pierwotny publiczny cel, dla kt\u00f3rego zosta\u0142a wytworzona.<br>Prawo ponownego wykorzystywania przys\u0142uguje ka\u017cdemu przez:<\/p>\n\n\n\n<ul class=\"wp-block-list\">\n<li>przekazanie na wniosek lub w innych trybach,<\/li>\n\n\n\n<li>udost\u0119pnienie przez systemy informatyczny, Biuletyn Informacji Publicznej.<\/li>\n<\/ul>\n\n\n\n<p>Wniosek sk\u0142adamy, gdy informacja sektora publicznego:<\/p>\n\n\n\n<ul class=\"wp-block-list\">\n<li>nie zosta\u0142a udost\u0119pniona w systemach teleinformatycznych,<\/li>\n\n\n\n<li>b\u0119dzie wykorzystywana na warunkach innych ni\u017c zosta\u0142y dla tej informacji okre\u015blone,<\/li>\n\n\n\n<li>zosta\u0142a udost\u0119pniona w spos\u00f3b inny ni\u017c okre\u015blony w ppkt b i nie zosta\u0142y okre\u015blone warunki ponownego wykorzystywania albo nie poinformowano o braku takich warunk\u00f3w lub op\u0142at,<\/li>\n\n\n\n<li>zosta\u0142a udost\u0119pniona lub przekazana na podstawie innych ustaw okre\u015blaj\u0105cych zasady i tryb dost\u0119pu do informacji b\u0119d\u0105cych informacjami sektora publicznego.<\/li>\n<\/ul>\n\n\n\n<p>Obowi\u0105zuje generalna regu\u0142a udost\u0119pniania informacji sektora publicznego w celu ich ponownego wykorzystywania bez ogranicze\u0144 warunkami i bezp\u0142atnie. Jednak\u017ce w niekt\u00f3rych przypadkach realizacja wniosku wymaga na\u0142o\u017cenia warunk\u00f3w lub ustalenia ewentualnych op\u0142at w formie oferty.<\/p>\n\n\n\n<p>Informacje sektora publicznego zamieszczone w BIP&nbsp;Zespo\u0142u Szk\u00f3\u0142 i Plac\u00f3wek nr 1&nbsp;w Katowicach&nbsp;s\u0105 udost\u0119pnianie na cele ponownego wykorzystywania bez ogranicze\u0144 warunkami i bezp\u0142atnie.<\/p>\n\n\n\n<p><br>W przypadku udost\u0119pniania informacji sektora publicznego w celu jej ponownego wykorzystywania na wniosek ewentualne warunki lub wysoko\u015b\u0107 op\u0142at b\u0119d\u0105 okre\u015blane indywidualnie i przekazane wnioskodawcy w formie oferty.<\/p>\n\n\n\n<p>Zesp\u00f3\u0142 Szk\u00f3\u0142 i Plac\u00f3wek nr 1&nbsp;w Katowicach&nbsp;nie ponosi odpowiedzialno\u015bci za dalsze udost\u0119pnianie informacji (przez podmioty powt\u00f3rnie je wykorzystuj\u0105ce) z naruszeniem przepis\u00f3w gwarantuj\u0105cych ich ochron\u0119 (np. danych osobowych, tajemnic ustawowo chronionych, prawa prywatno\u015bci) jak r\u00f3wnie\u017c za informacje pozyskane w inny spos\u00f3b albo z pomini\u0119ciem wymaganej w danym przypadku procedury wnioskowej.<\/p>\n\n\n\n<p><strong>Wymagane dokumenty<\/strong><\/p>\n\n\n\n<p>Wniosek w postaci papierowej lub elektronicznej, powinien zawiera\u0107 co najmniej:<\/p>\n\n\n\n<ul class=\"wp-block-list\">\n<li>nazw\u0119 podmiotu zobowi\u0105zanego,<\/li>\n\n\n\n<li>informacje o wnioskodawcy, w tym imi\u0119 i nazwisko albo nazw\u0119 oraz adres umo\u017cliwiaj\u0105cy dostarczenie odpowiedzi do wnioskodawcy albo pe\u0142nomocnika tego wnioskodawcy w spos\u00f3b lub w formie wskazanych we wniosku,<\/li>\n\n\n\n<li>wskazanie informacji sektora publicznego, kt\u00f3ra b\u0119dzie ponownie wykorzystywana, a je\u017celi jest ju\u017c udost\u0119pniona lub przekazana, warunki, na jakich ma by\u0107 ponownie wykorzystywana, oraz \u017ar\u00f3d\u0142o udost\u0119pnienia lub przekazania,<\/li>\n\n\n\n<li>wskazanie celu ponownego wykorzystywania (komercyjny albo niekomercyjny), w tym okre\u015blenie rodzaju dzia\u0142alno\u015bci, w kt\u00f3rej informacje sektora publicznego b\u0119d\u0105 ponownie wykorzystywane, w szczeg\u00f3lno\u015bci wskazanie d\u00f3br, produkt\u00f3w lub us\u0142ug,<\/li>\n\n\n\n<li>wskazanie formy przygotowania informacji sektora publicznego, a w przypadku postaci elektronicznej tak\u017ce formatu danych,<\/li>\n\n\n\n<li>wskazanie sposobu przekazania informacji sektora publicznego, o ile nie zosta\u0142a udost\u0119pniona lub przekazana w inny spos\u00f3b, albo sposobu dost\u0119pu do informacji gromadzonych w systemie teleinformatycznym podmiotu zobowi\u0105zanego,<\/li>\n\n\n\n<li>wskazanie okresu, przez kt\u00f3ry podmiot zobowi\u0105zany b\u0119dzie umo\u017cliwia\u0142 ponowne wykorzystywanie informacji sektora publicznego w spos\u00f3b sta\u0142y i bezpo\u015bredni w czasie rzeczywistym, nie d\u0142u\u017cszym ni\u017c 12 miesi\u0119cy (gdy wniosek, dotyczy informacji gromadzonych i przechowywanych w systemie informatycznym).<\/li>\n<\/ul>\n\n\n\n<p>2. Wype\u0142niony formularz wniosku<br>3. Pe\u0142nomocnictwo \u2013 w przypadku ustanowienia pe\u0142nomocnika (orygina\u0142 lub urz\u0119dowo po\u015bwiadczony odpis) wraz z dowodem uiszczenia stosownej op\u0142aty.<\/p>\n\n\n\n<p><strong>Spos\u00f3b dostarczania dokument\u00f3w<\/strong><\/p>\n\n\n\n<p>1. Wymagane dokumenty nale\u017cy dostarczy\u0107 do urz\u0119du na jeden z poni\u017cszych sposob\u00f3w:<br>Przes\u0142a\u0107 drog\u0105 elektroniczn\u0105 przy pomocy skrzynki kontaktowej PeUP \u2013 o ile Wnioskodawca posiada bezpieczny podpis elektroniczny weryfikowany kwalifikowanym certyfikatem lub podpis elektroniczny z\u0142o\u017cony z wykorzystaniem Profilu Zaufanego ePUAP.<br>Przes\u0142a\u0107 poczt\u0105 elektroniczn\u0105 na adres urz\u0119du.<br>Przes\u0142a\u0107 poczt\u0105 tradycyjn\u0105 (dla cel\u00f3w dowodowych zaleca si\u0119 przes\u0142anie listem poleconym).<br>Z\u0142o\u017cy\u0107 bezpo\u015brednio w urz\u0119dzie w godzinach jego pracy.<\/p>\n\n\n\n<p>2.W przypadku niespe\u0142nienia warunk\u00f3w formalnych wniosku wzywa si\u0119 wnioskodawc\u0119 do uzupe\u0142nienia brak\u00f3w, wraz z pouczeniem, \u017ce ich nieusuni\u0119cie w terminie 7 dni od dnia otrzymania wezwania spowoduje pozostawienie wniosku bez rozpoznania.<\/p>\n\n\n\n<p><strong>UWAGA<\/strong><\/p>\n\n\n\n<p>Z\u0142o\u017cenie wniosku drog\u0105 elektroniczn\u0105 nie wymaga uwierzytelnienia go podpisem elektronicznym, jednak podpis elektroniczny konieczny jest do potwierdzenia UPO w celu odebrania odpowiedzi wys\u0142anej przez urz\u0105d poprzez platform\u0119 PeUP.<\/p>\n\n\n\n<p>Przesy\u0142aj\u0105c wniosek poczt\u0105 tradycyjn\u0105 nale\u017cy go wys\u0142a\u0107 na adres:<\/p>\n\n\n\n<p>1.\u00a0Zesp\u00f3\u0142 Szk\u00f3\u0142 i Plac\u00f3wek nr 1\u00a0w Katowicach ul. Paderewskiego 46,40-282 Katowice\u00a0w godzinach pracy sekretariatu tj.:PONIEDZIA\u0141EK 7:30 \u2013 15:30WTOREK 7:30 \u2013 15:30\u015aRODA 7:30 \u2013 15:30CZWARTEK 7:30 \u2013 15:30PI\u0104TEK 7:30 \u2013 12:00<\/p>\n\n\n\n<p>&nbsp;2. Poczt\u0105 elektroniczn\u0105 na adres:&nbsp;<a href=\"mailto:sekretariat@zsip1katowice.edu.pl\">sekretariat@zsip1katowice.edu.pl<\/a><a href=\"mailto:szkola-37@katowice.home.pl\">&nbsp;&nbsp;<\/a>(pisma skierowane na wskazany adres poczty elektronicznej traktuje si\u0119 jako przesy\u0142ki z\u0142o\u017cone w trybie niewymagaj\u0105cym potwierdzenia wniesienia).&nbsp;<\/p>\n\n\n\n<p><strong>Wykorzystanie skrzynki kontaktowej PeUP oraz e-formularzy<\/strong><\/p>\n\n\n\n<p>W celu skorzystania z elektronicznej drogi wymiany dokument\u00f3w nale\u017cy posiada\u0107 za\u0142o\u017con\u0105 skrzynk\u0119 kontaktow\u0105 i by\u0107 zalogowanym. Poni\u017cej przedstawiamy zalecan\u0105 kolejno\u015b\u0107 dzia\u0142a\u0144 w celu wys\u0142ania dokument\u00f3w drog\u0105 elektroniczn\u0105:<\/p>\n\n\n\n<p>1. Wykonaj logowanie oraz wype\u0142nij formularz (ikonka \u2013 Edytuj dokument).<br>2. Podpisz dokument opatruj\u0105c go kwalifikowanym podpisem elektronicznym albo podpisem potwierdzonym profilem zaufanym ePUAP (ikonka \u2013 Podpisz dokument lub Podpisz dokument przez ePUAP).<br>3. Wy\u015blij dokument do urz\u0119du drog\u0105 elektroniczn\u0105 (ikonka \u2013 Wy\u015blij dokument).<br><br><strong>Op\u0142aty<\/strong><\/p>\n\n\n\n<p>Op\u0142at\u0119 mo\u017cna na\u0142o\u017cy\u0107, je\u017celi przygotowanie lub przekazanie informacji w spos\u00f3b lub w formie wskazanych we wniosku wymaga poniesienia dodatkowych koszt\u00f3w.<\/p>\n\n\n\n<p>Przy ustalaniu op\u0142at uwzgl\u0119dnia si\u0119:<\/p>\n\n\n\n<ul class=\"wp-block-list\">\n<li>koszty przygotowania lub przekazania informacji w okre\u015blony spos\u00f3b i w okre\u015blonej formie,<\/li>\n\n\n\n<li>inne czynniki, kt\u00f3re b\u0119d\u0105 brane pod uwag\u0119 przy rozpatrywaniu nietypowych wniosk\u00f3w, kt\u00f3re mog\u0105 mie\u0107 wp\u0142yw na w szczeg\u00f3lno\u015bci na koszt lub czas przygotowania lub przekazania informacji,<\/li>\n\n\n\n<li>koszty wynikaj\u0105ce z dostosowania systemu teleinformatycznego oraz warunk\u00f3w technicznych i organizacyjnych do realizacji wniosku (dotyczy tylko ponownego wykorzystywania w spos\u00f3b sta\u0142y i bezpo\u015bredni w czasie rzeczywistym informacji sektora publicznego gromadzonych i przechowywanych w systemie informatycznym).<\/li>\n<\/ul>\n\n\n\n<p>\u0141\u0105czna wysoko\u015b\u0107 op\u0142aty nie mo\u017ce przekroczy\u0107 sumy koszt\u00f3w poniesionych bezpo\u015brednio w celu przygotowania lub przekazania informacji sektora publicznego w celu ponownego wykorzystywania w okre\u015blony spos\u00f3b i w okre\u015blonej formie.<\/p>\n\n\n\n<p><br>Na \u017c\u0105danie wnioskodawcy wskazuje si\u0119 spos\u00f3b obliczenia op\u0142aty za ponowne wykorzystywanie w odniesieniu do z\u0142o\u017conego wniosku.<\/p>\n\n\n\n<p><br>W przypadku wyst\u0105pienia ewentualnych op\u0142at, po przyj\u0119ciu oferty okre\u015blon\u0105 w niej kwot\u0119 nale\u017cy wp\u0142aci\u0107 sekretariacie szko\u0142y.<\/p>\n\n\n\n<p><strong>Terminy i spos\u00f3b za\u0142atwienia sprawy<\/strong><\/p>\n\n\n\n<p>Wniosek rozpatruje si\u0119 bez zb\u0119dnej zw\u0142oki, nie p\u00f3\u017aniej jednak ni\u017c w terminie 14 dni od dnia otrzymania wniosku.<\/p>\n\n\n\n<ol class=\"wp-block-list\">\n<li>Je\u017celi wniosek nie mo\u017ce zosta\u0107 rozpatrzony w terminie 14 dni, podmiot zobowi\u0105zany zawiadamia w tym terminie wnioskodawc\u0119 o przyczynach op\u00f3\u017anienia oraz terminie, w jakim rozpatrzy wniosek, nie d\u0142u\u017cszym jednak ni\u017c 2 miesi\u0105ce od daty z\u0142o\u017cenia tego wniosku.<\/li>\n\n\n\n<li>Warunki ponownego wykorzystywania informacji sektora publicznego:<\/li>\n\n\n\n<li>Obowi\u0105zek poinformowania o \u017ar\u00f3dle, czasie wytworzenia i pozyskania informacji od podmiotu zobowi\u0105zanego.<\/li>\n<\/ol>\n\n\n\n<ul class=\"wp-block-list\">\n<li>Obowi\u0105zek informowania o przetworzeniu informacji ponownie wykorzystywanej.<\/li>\n\n\n\n<li>Ustalenie zakresu odpowiedzialno\u015bci podmiotu zobowi\u0105zanego za przekazywane informacje.<\/li>\n\n\n\n<li>Okre\u015blenie odr\u0119bnych warunk\u00f3w ponownego wykorzystywania informacji maj\u0105cych cechy utworu lub przedmiotu praw pokrewnych lub stanowi\u0105cych baz\u0119 danych, do kt\u00f3rych przys\u0142uguj\u0105 autorskie prawa maj\u0105tkowe lub prawa pokrewne, np.: obowi\u0105zek poinformowania o nazwisku, imieniu lub pseudonimie tw\u00f3rcy lub artysty wykonawcy, je\u017celi jest znany.<\/li>\n<\/ul>\n\n\n\n<p>&nbsp; &nbsp; &nbsp; &nbsp; 4.Oferta:<\/p>\n\n\n\n<ul class=\"wp-block-list\">\n<li>Podmiot zobowi\u0105zany przedstawia ofert\u0119 zawieraj\u0105c\u0105 warunki ponownego wykorzystywania, a tak\u017ce wysoko\u015b\u0107 op\u0142at za ponowne wykorzystywanie informacji publicznej na\u0142o\u017conych w zwi\u0105zku z wnioskiem wymagaj\u0105cym poniesienia dodatkowych koszt\u00f3w.<\/li>\n\n\n\n<li>Wnioskodawca po otrzymaniu oferty mo\u017ce w terminie 14 dni od dnia otrzymania oferty z\u0142o\u017cy\u0107 sprzeciw z powodu naruszenia przepis\u00f3w ustawy albo zawiadomi\u0107 podmiot zobowi\u0105zany o przyj\u0119ciu oferty.<\/li>\n<\/ul>\n\n\n\n<p><strong>Uwaga! Brak zawiadomienia o przyj\u0119ciu oferty w terminie 14 dni do dnia otrzymania jest r\u00f3wnoznaczny z wycofaniem wniosku o ponowne wykorzystywanie informacji sektora publicznego.<\/strong><\/p>\n\n\n\n<p><strong>1. Sposoby rozpatrzenia wniosku:<\/strong><\/p>\n\n\n\n<ul class=\"wp-block-list\">\n<li>bezwarunkowe i bezp\u0142atne przekazanie informacji w celu ponownego wykorzystywania,<\/li>\n\n\n\n<li>poinformowanie o braku warunk\u00f3w czy op\u0142at w przypadku posiadania przez wnioskodawc\u0119 informacji sektora publicznego,<\/li>\n\n\n\n<li>poinformowanie, \u017ce wytworzenie \u017c\u0105danych informacji nie nale\u017cy do zakresu zada\u0144 publicznych podmiotu,<\/li>\n\n\n\n<li>przedstawienie oferty zawieraj\u0105cej warunki ponownego wykorzystywania, czy wysoko\u015b\u0107 op\u0142at,<\/li>\n\n\n\n<li>odmowa ponownego wykorzystywania informacji sektora publicznego w formie decyzji administracyjnej gdy:\n<ul class=\"wp-block-list\">\n<li>dost\u0119p do informacji sektora publicznego zosta\u0142 ustawowo ograniczony lub ponowne wykorzystywanie informacji sektora publicznego naruszy prawa w\u0142asno\u015bci intelektualnej przys\u0142uguj\u0105ce osobom trzecim,<\/li>\n\n\n\n<li>opracowywanie, a w szczeg\u00f3lno\u015bci przetworzenie informacji sektora publicznego w celu jej ponownego wykorzystywania oraz dostarczanie z nich wyci\u0105g\u00f3w, spowoduje konieczno\u015b\u0107 podj\u0119cia nieproporcjonalnych dzia\u0142a\u0144 przekraczaj\u0105cych proste czynno\u015bci.<\/li>\n<\/ul>\n<\/li>\n<\/ul>\n\n\n\n<p><br><strong>2. Dokument mo\u017ce by\u0107 odebrany przez Wnioskodawc\u0119:<\/strong><\/p>\n\n\n\n<ul class=\"wp-block-list\">\n<li>Drog\u0105 elektroniczn\u0105 poprzez skrzynk\u0119 kontaktow\u0105 PeUP.<\/li>\n\n\n\n<li>Drog\u0105 elektroniczn\u0105 poprzez poczt\u0119 elektroniczn\u0105.<\/li>\n\n\n\n<li>Poprzez poczt\u0119 tradycyjn\u0105.<\/li>\n\n\n\n<li>Osobi\u015bcie w siedzibie szko\u0142y.<\/li>\n<\/ul>\n\n\n\n<p><strong>3. O formie odbioru decyduje Wnioskodawca w formularzu wniosku.<\/strong><\/p>\n\n\n\n<p>Informacje na temat przebiegu sprawy<\/p>\n\n\n\n<p>Wszelkie informacje na temat przebiegu sprawy mo\u017cna uzyska\u0107 kontaktuj\u0105c si\u0119 z szko\u0142\u0105 osobi\u015bcie.<br>Telefonicznie:&nbsp;32 255 50 36<br>Za pomoc\u0105 emaila:<a href=\"mailto:sekretariat@zsip1katowice.edu.pl\">sekretariat@zsip1katowice.edu.pl<\/a><\/p>\n","protected":false},"excerpt":{"rendered":"<p>Ponowne wykorzystywanie informacji sektora publicznego. Og\u00f3lny opis Informacja sektora publicznego \u2013 ka\u017cda tre\u015b\u0107 lub jej cze\u015b\u0107 niezale\u017cnie od sposobu utrwalenia (w postaci papierowej, elektronicznej, d\u017awi\u0119kowej, wizualnej lub audiowizualnej) b\u0119d\u0105ca w posiadaniu podmiot\u00f3w, kt\u00f3re udost\u0119pniaj\u0105 lub przekazuj\u0105 t\u0119 informacje w celu ponownego wykorzystywania.Ponowne wykorzystywanie \u2013 wykorzystywanie przez osoby fizyczne, osoby prawne i jednostki organizacyjne nieposiadaj\u0105ce osobowo\u015bci &hellip; <a href=\"https:\/\/zsip1katowice.edu.pl\/sp12\/bip\/dostep-do-informacji-publicznych\/\" class=\"more-link\">Czytaj dalej <span class=\"screen-reader-text\">Dost\u0119p do informacji publicznych<\/span><\/a><\/p>\n","protected":false},"author":1,"featured_media":0,"parent":0,"menu_order":0,"comment_status":"closed","ping_status":"closed","template":"","meta":{"_uag_custom_page_level_css":"","footnotes":""},"class_list":["post-58","page","type-page","status-publish","hentry"],"uagb_featured_image_src":{"full":false,"thumbnail":false,"medium":false,"medium_large":false,"large":false,"1536x1536":false,"2048x2048":false,"post-thumbnail":false},"uagb_author_info":{"display_name":"admin","author_link":"https:\/\/zsip1katowice.edu.pl\/sp12\/bip\/author\/admin\/"},"uagb_comment_info":0,"uagb_excerpt":"Ponowne wykorzystywanie informacji sektora publicznego. Og\u00f3lny opis Informacja sektora publicznego \u2013 ka\u017cda tre\u015b\u0107 lub jej cze\u015b\u0107 niezale\u017cnie od sposobu utrwalenia (w postaci papierowej, elektronicznej, d\u017awi\u0119kowej, wizualnej lub audiowizualnej) b\u0119d\u0105ca w posiadaniu podmiot\u00f3w, kt\u00f3re udost\u0119pniaj\u0105 lub przekazuj\u0105 t\u0119 informacje w celu ponownego wykorzystywania.Ponowne wykorzystywanie \u2013 wykorzystywanie przez osoby fizyczne, osoby prawne i jednostki organizacyjne nieposiadaj\u0105ce osobowo\u015bci&hellip;","_links":{"self":[{"href":"https:\/\/zsip1katowice.edu.pl\/sp12\/bip\/wp-json\/wp\/v2\/pages\/58","targetHints":{"allow":["GET"]}}],"collection":[{"href":"https:\/\/zsip1katowice.edu.pl\/sp12\/bip\/wp-json\/wp\/v2\/pages"}],"about":[{"href":"https:\/\/zsip1katowice.edu.pl\/sp12\/bip\/wp-json\/wp\/v2\/types\/page"}],"author":[{"embeddable":true,"href":"https:\/\/zsip1katowice.edu.pl\/sp12\/bip\/wp-json\/wp\/v2\/users\/1"}],"replies":[{"embeddable":true,"href":"https:\/\/zsip1katowice.edu.pl\/sp12\/bip\/wp-json\/wp\/v2\/comments?post=58"}],"version-history":[{"count":2,"href":"https:\/\/zsip1katowice.edu.pl\/sp12\/bip\/wp-json\/wp\/v2\/pages\/58\/revisions"}],"predecessor-version":[{"id":109,"href":"https:\/\/zsip1katowice.edu.pl\/sp12\/bip\/wp-json\/wp\/v2\/pages\/58\/revisions\/109"}],"wp:attachment":[{"href":"https:\/\/zsip1katowice.edu.pl\/sp12\/bip\/wp-json\/wp\/v2\/media?parent=58"}],"curies":[{"name":"wp","href":"https:\/\/api.w.org\/{rel}","templated":true}]}}