{"id":60,"date":"2024-03-25T21:20:08","date_gmt":"2024-03-25T21:20:08","guid":{"rendered":"https:\/\/zsip1katowice.edu.pl\/sp12\/bip\/?page_id=60"},"modified":"2024-03-26T07:12:44","modified_gmt":"2024-03-26T07:12:44","slug":"deklaracja-dostepnosci","status":"publish","type":"page","link":"https:\/\/zsip1katowice.edu.pl\/sp12\/bip\/deklaracja-dostepnosci\/","title":{"rendered":"DEKLARACJA DOST\u0118PNO\u015aCI"},"content":{"rendered":"\n<h1 class=\"wp-block-heading\" id=\"a11y-deklaracja\">Deklaracja dost\u0119pno\u015bci Zesp\u00f3\u0142u Szk\u00f3\u0142 i Plac\u00f3wek nr 1 w Katowicach<\/h1>\n\n\n\n<p id=\"a11y-wstep\">Zesp\u00f3\u0142 Szk\u00f3\u0142 i Plac\u00f3wek nr 1 w Katowicach&nbsp;zobowi\u0105zuje si\u0119 zapewni\u0107 dost\u0119pno\u015b\u0107 swojej strony internetowej zgodnie z przepisami ustawy z dnia 4&nbsp;kwietnia 2019&nbsp;r. o&nbsp;dost\u0119pno\u015bci cyfrowej stron internetowych i&nbsp;aplikacji mobilnych podmiot\u00f3w publicznych. O\u015bwiadczenie w sprawie dost\u0119pno\u015bci ma zastosowanie do strony internetowej&nbsp;<a href=\"http:\/\/zsip1katowice.edu.pl\/\">Zesp\u00f3\u0142u Szk\u00f3\u0142 i Plac\u00f3wek nr 1 w Katowicach<\/a>.<\/p>\n\n\n\n<ul class=\"wp-block-list\">\n<li>Data publikacji strony internetowej: 2014-01-01<\/li>\n\n\n\n<li>Data ostatniej istotnej aktualizacji: 2021-03-25<\/li>\n<\/ul>\n\n\n\n<h2 class=\"wp-block-heading\">Status pod wzgl\u0119dem zgodno\u015bci z ustaw\u0105<\/h2>\n\n\n\n<p>Strona internetowa jest&nbsp;<strong>cz\u0119\u015bciowo zgodna<\/strong>&nbsp;z&nbsp;ustaw\u0105 o&nbsp;dost\u0119pno\u015bci cyfrowej stron internetowych i&nbsp;aplikacji mobilnych podmiot\u00f3w publicznych z&nbsp;powodu niezgodno\u015bci lub wy\u0142\u0105cze\u0144 wymienionych poni\u017cej.<\/p>\n\n\n\n<h3 class=\"wp-block-heading\">Tre\u015bci niedost\u0119pne<\/h3>\n\n\n\n<ul class=\"wp-block-list\">\n<li>filmy nie posiadaj\u0105 napis\u00f3w dla os\u00f3b g\u0142uchych<\/li>\n\n\n\n<li>niekt\u00f3re zdj\u0119cia z wydarze\u0144 nie posiadaj\u0105 pe\u0142nych opis\u00f3w alternatywnych<\/li>\n\n\n\n<li>dokumenty w PDF nie s\u0105 dokumentami edytowalnymi<\/li>\n\n\n\n<li>nie wszystkie tre\u015bci przedstawione s\u0105 z zachowaniem w\u0142a\u015bciwego kontrastu<\/li>\n\n\n\n<li>nie wszystkie elementy nawigacyjne posiadaj\u0105 minimalny kontrast<\/li>\n\n\n\n<li>nie wszystkie teksty s\u0105 wygodne do czytania<\/li>\n\n\n\n<li>nie wszystkie funkcje i elementy nawigacji mo\u017cna obs\u0142u\u017cy\u0107 z poziomu klawiatury<\/li>\n\n\n\n<li>nie wszystkie elementy strony s\u0105 kontrolowane z wykorzystaniem klawiatury<\/li>\n<\/ul>\n\n\n\n<h3 class=\"wp-block-heading\">Przygotowanie deklaracji w sprawie dost\u0119pno\u015bci<\/h3>\n\n\n\n<ul class=\"wp-block-list\">\n<li>Deklaracj\u0119 sporz\u0105dzono dnia: 2021-03-29<\/li>\n\n\n\n<li>Deklaracj\u0119 zosta\u0142a ostatnio poddana przegl\u0105dowi i aktualizacji dnia: 2021-03-29<\/li>\n<\/ul>\n\n\n\n<p>Deklaracj\u0119 sporz\u0105dzono na podstawie samooceny.<\/p>\n\n\n\n<h2 class=\"wp-block-heading\" id=\"a11y-kontakt\">Informacje zwrotne i dane kontaktowe<\/h2>\n\n\n\n<ul class=\"wp-block-list\">\n<li>Za rozpatrywanie uwag i wniosk\u00f3w odpowiada:&nbsp;Tomasz Leczkowski.<\/li>\n\n\n\n<li>E-mail:&nbsp;<a href=\"mailto:sekretariat@zsip1katowice.edu.pl\">sekretariat@zsip1katowice.edu.pl<\/a><\/li>\n\n\n\n<li>Telefon:&nbsp;32 255 50 36<\/li>\n<\/ul>\n\n\n\n<p id=\"a11y-procedura\">Ka\u017cdy ma prawo:<\/p>\n\n\n\n<ul class=\"wp-block-list\">\n<li>zg\u0142osi\u0107 uwagi dotycz\u0105ce dost\u0119pno\u015bci cyfrowej strony lub jej elementu,<\/li>\n\n\n\n<li>zg\u0142osi\u0107 \u017c\u0105danie zapewnienia dost\u0119pno\u015bci cyfrowej strony lub jej elementu,<\/li>\n\n\n\n<li>wnioskowa\u0107 o udost\u0119pnienie niedost\u0119pnej informacji w innej alternatywnej formie.<\/li>\n<\/ul>\n\n\n\n<p>\u017b\u0105danie musi zawiera\u0107:<\/p>\n\n\n\n<ul class=\"wp-block-list\">\n<li>dane kontaktowe osoby zg\u0142aszaj\u0105cej,<\/li>\n\n\n\n<li>wskazanie strony lub elementu strony, kt\u00f3rej dotyczy \u017c\u0105danie,<\/li>\n\n\n\n<li>wskazanie dogodnej formy udost\u0119pnienia informacji, je\u015bli \u017c\u0105danie dotyczy udost\u0119pnienia w formie alternatywnej informacji niedost\u0119pnej.<\/li>\n<\/ul>\n\n\n\n<p>Rozpatrzenie zg\u0142oszenia powinno nast\u0105pi\u0107 niezw\u0142ocznie, najp\u00f3\u017aniej w ci\u0105gu 7 dni. Je\u015bli w tym terminie zapewnienie dost\u0119pno\u015bci albo zapewnienie dost\u0119pu w alternatywnej formie nie jest mo\u017cliwe, powinno nast\u0105pi\u0107 najdalej w ci\u0105gu 2 miesi\u0119cy od daty zg\u0142oszenia.<\/p>\n\n\n\n<h3 class=\"wp-block-heading\">Skargi i odwo\u0142ania<\/h3>\n\n\n\n<p>Na niedotrzymanie tych termin\u00f3w oraz na odmow\u0119 realizacji \u017c\u0105dania mo\u017cna z\u0142o\u017cy\u0107 skarg\u0119 do organu nadzoruj\u0105cego poczt\u0105 lub drog\u0105 elektroniczn\u0105 na adres:<\/p>\n\n\n\n<ul class=\"wp-block-list\">\n<li>Organ nadzoruj\u0105cy: Dyrekcja Zespo\u0142u Szk\u00f3\u0142 i Plac\u00f3wek nr 1 w Katowicach<\/li>\n\n\n\n<li>Adres: ul. Paderewskiego 46, 40-282 Katowice<\/li>\n\n\n\n<li>E-mail:&nbsp;<a href=\"mailto:sekretariat@zsip1katowice.edu.pl\">sekretariat@zsip1katowice.edu.pl<\/a><\/li>\n\n\n\n<li>Telefon: 32 255 50 36<\/li>\n<\/ul>\n\n\n\n<p>Skarg\u0119 mo\u017cna z\u0142o\u017cy\u0107 r\u00f3wnie\u017c do&nbsp;<a href=\"https:\/\/www.rpo.gov.pl\/content\/jak-zglosic-sie-do-rzecznika-praw-obywatelskich\">Rzecznika Praw Obywatelskich<\/a>.<\/p>\n\n\n\n<h2 class=\"wp-block-heading\" id=\"a11y-architektura\">Dost\u0119pno\u015b\u0107 architektoniczna<\/h2>\n\n\n\n<p><strong>Do ZSiP nr 1 w Katowicach przy ul. Paderewskiego 46 mo\u017cna dojecha\u0107 liniami autobusowymi nr:&nbsp;<\/strong><a href=\"https:\/\/rj.metropoliaztm.pl\/rozklady\/1-1\/71377\/1\/180687\/\">1<\/a>,&nbsp;<a href=\"https:\/\/rj.metropoliaztm.pl\/rozklady\/1-14\/69850\/1\/180687\/\">14<\/a>,&nbsp;<a href=\"https:\/\/rj.metropoliaztm.pl\/rozklady\/1-51\/70987\/0\/180687\/\">51<\/a>,&nbsp;<a href=\"https:\/\/rj.metropoliaztm.pl\/rozklady\/1-110\/70450\/1\/180687\/\">110<\/a>,&nbsp;<a href=\"https:\/\/rj.metropoliaztm.pl\/rozklady\/1-672\/70455\/0\/180687\/\">672<\/a>,&nbsp;<a href=\"https:\/\/rj.metropoliaztm.pl\/rozklady\/1-672n\/70749\/0\/180687\/\">672N<\/a>,&nbsp;<a href=\"https:\/\/rj.metropoliaztm.pl\/rozklady\/1-674\/70151\/0\/180687\/\">674<\/a>,&nbsp;<a href=\"https:\/\/rj.metropoliaztm.pl\/rozklady\/1-910\/71196\/0\/180687\/\">910<\/a>,&nbsp;<a href=\"https:\/\/rj.metropoliaztm.pl\/rozklady\/1-940\/71145\/0\/180687\/\">940<\/a>&nbsp;na przystanek Osiedle Paderewskiego Biblioteka \u015al\u0105ska. Odleg\u0142o\u015b\u0107 od tego przystanku do budynk\u00f3w Zespo\u0142u wynosi 350m.<\/p>\n\n\n\n<p>Rozk\u0142ad jazdy Transportu Miejskiego w Katowicach znajduje si\u0119 na stronie&nbsp;<a href=\"https:\/\/rj.metropoliaztm.pl\/\">https:\/\/rj.metropoliaztm.pl\/<\/a><\/p>\n\n\n\n<p>Wok\u00f3\u0142 siedziby nie obowi\u0105zuje strefa p\u0142atnego parkowania.<\/p>\n\n\n\n<p><strong>Budynek Szko\u0142y Podstawowej nr 12<\/strong><\/p>\n\n\n\n<p><strong>40-282 Katowice, ul. Paderewskiego 46<\/strong><\/p>\n\n\n\n<p><strong>Opis dost\u0119pno\u015bci wej\u015bcia do budynku i przemieszczania si\u0119 po terenie nale\u017c\u0105cym do Szko\u0142y Podstawowej nr 12<\/strong><br>Istniej\u0105 dwa dost\u0119pne dla uczni\u00f3w wej\u015bcia do Szko\u0142y. Jedno jest od strony ul. \u017bo\u0142nierzy Wykl\u0119tych, natomiast drugie od ulicy Szeptyckiego. Obydwa wej\u015bcia zaopatrzono w podjazd dla niepe\u0142nosprawnych. Trzecie wej\u015bcie do budynku jest od ul. Paderewskiego. Wej\u015bcie to nie posiada podjazdu dla os\u00f3b niepe\u0142nosprawnych, prowadz\u0105 do niego jedynie schody. Nad wej\u015bciami do budynku nie ma g\u0142o\u015bnik\u00f3w systemu naprowadzaj\u0105cego d\u017awi\u0119kowo osoby niewidome i s\u0142abowidz\u0105ce.<\/p>\n\n\n\n<p><strong>Opis dost\u0119pno\u015bci korytarzy, schod\u00f3w<\/strong><br>Budynek Szko\u0142y jest 3 kondygnacyjny. Na poziomie 0 znajduj\u0105 si\u0119 wej\u015bcia g\u0142\u00f3wne do budynku, sekretariat, gabinet dyrektora, szatnie, sale lekcyjne, biblioteka, sto\u0142\u00f3wka, jadalnia, sala gimnastyczna, toalety dla niepe\u0142nosprawnych. Ten poziom jest dost\u0119pny dla os\u00f3b niepe\u0142nosprawnych poruszaj\u0105cych si\u0119 na w\u00f3zkach, na pozosta\u0142e kondygnacje na kt\u00f3rych znajduje si\u0119 reszta sal lekcyjnych oraz gabinet, administracji, piel\u0119gniarki, pedagoga prowadz\u0105 tylko schody bez dostosowania dla os\u00f3b niepe\u0142nosprawnych.<\/p>\n\n\n\n<p>Budynek nie posiada oznacze\u0144 w alfabecie Braille\u2019a ani oznacze\u0144 kontrastowych.<\/p>\n\n\n\n<p><strong>Opis dostosowa\u0144, na przyk\u0142ad pochylni, platform, informacji g\u0142osowych, p\u0119tlach indukcyjnych<\/strong><br>Budynek Szko\u0142y nie dysponuje, platformami, p\u0119tlami komunikacyjnymi itp.<\/p>\n\n\n\n<p><strong>Informacje o miejscu i sposobie korzystania z miejsc parkingowych wyznaczonych dla os\u00f3b niepe\u0142nosprawnych<\/strong><br>Miejsce takie znajduje si\u0119 na parkingu g\u0142\u00f3wnym i jest specjalnie oznakowane. Znajduje si\u0119 niedaleko wej\u015bcia g\u0142\u00f3wnego do szko\u0142y, na tym samym poziomie, bez prog\u00f3w, schod\u00f3w itp. Mo\u017cna \u0142atwo dosta\u0107 si\u0119 do budynku szko\u0142y.<\/p>\n\n\n\n<p><strong>Informacja o prawie wst\u0119pu z psem asystuj\u0105cym i ewentualnych uzasadnionych ograniczeniach<\/strong><br>Na podstawie zarz\u0105dzenia Dyrektora Zespo\u0142u Szk\u00f3\u0142 i Plac\u00f3wek nr 1 w Katowicach, do budynku szko\u0142y ma prawo wej\u015b\u0107 osoba z psem przewodnikiem\/asystuj\u0105cym (art.2 pkt 11 Ustawy o rehabilitacji zawodowej i spo\u0142ecznej oraz zatrudnieniu os\u00f3b niepe\u0142nosprawnych).<\/p>\n\n\n\n<p><strong>Informacje o mo\u017cliwo\u015bci skorzystania z t\u0142umacza j\u0119zyka migowego na miejscu lub online.<\/strong><\/p>\n\n\n\n<p>Osoby nies\u0142ysz\u0105ce oraz osoby maj\u0105ce trudno\u015bci w komunikowaniu si\u0119 (zwane dalej osobami uprawnionymi) mog\u0105 komunikowa\u0107 si\u0119 ze Szkol\u0105 Podstawow\u0105 nr 12 w Katowicach przy wykorzystaniu nw. \u015brodk\u00f3w wspieraj\u0105cych komunikowanie si\u0119:&nbsp; e-mail:&nbsp;<a href=\"mailto:sekretariat@zsip1katowice.edu.pl\">sekretariat@zsip1katowice.edu.pl<\/a>&nbsp;&nbsp;&nbsp; tel.\/fax 32 255 50 36<\/p>\n\n\n\n<p>Osoby uprawnione, chc\u0105c za\u0142atwi\u0107 sprawy w Szkole z pomoc\u0105 t\u0142umacza j\u0119zyka migowego, zobowi\u0105zane s\u0105 do zg\u0142oszenia ch\u0119ci skorzystania ze \u015bwiadczenia ze wskazaniem wybranej metody komunikowania si\u0119 z minimum trzydniowym wyprzedzeniem oraz dokonania zg\u0142oszenia w celu rezerwacji wizyty. Po otrzymaniu zg\u0142oszenia Szko\u0142a zapewni pomoc t\u0142umacza j\u0119zyka migowego w terminie wyznaczonym przez osob\u0119 uprawnion\u0105. W przypadku braku mo\u017cliwo\u015bci realizacji \u015bwiadczenia przekazana zostanie informacja o niemo\u017cliwo\u015bci za\u0142atwienia sprawy w terminie wskazanym, z wyznaczeniem mo\u017cliwego terminu realizacji \u015bwiadczenia lub wskazania na inn\u0105 form\u0119 jego realizacji.<\/p>\n\n\n\n<p><strong>Budynek Przedszkola Miejskiego nr 55<\/strong><\/p>\n\n\n\n<p><strong>Opis dost\u0119pno\u015bci wej\u015bcia do budynku i przemieszczania si\u0119 po terenie nale\u017c\u0105cym do MP55<\/strong><br>Do budynku Przedszkola prowadzi wej\u015bcie g\u0142\u00f3wne mieszcz\u0105ce si\u0119 przy ulicy Szeptyckiego 3. Wej\u015bcie nie jest zaopatrzone w podjazd dla niepe\u0142nosprawnych. Nad wej\u015bciem do budynku nie ma g\u0142o\u015bnik\u00f3w systemu naprowadzaj\u0105cego d\u017awi\u0119kowo osoby niewidome i s\u0142abowidz\u0105ce.<\/p>\n\n\n\n<p><strong>Opis dost\u0119pno\u015bci korytarzy, schod\u00f3w<\/strong><br>Budynek Przedszkola jest 2 kondygnacyjny. Na poziomie 0 znajduje si\u0119 wej\u015bcie g\u0142\u00f3wne do budynku, gabinet wicedyrektora, szatnie, sale przedszkolne, toalety, gabinet logopedy, psychologa, BHP i pomieszczenia gospodarcze. Na pierwszym pi\u0119trze budynku znajduj\u0105 si\u0119&nbsp; pozosta\u0142e sale przedszkolne. Budynek nie jest dostosowany dla os\u00f3b niepe\u0142nosprawnych poruszaj\u0105cych si\u0119 na w\u00f3zkach ze wzgl\u0119du na brak wind.<\/p>\n\n\n\n<p>Budynek nie posiada oznacze\u0144 w alfabecie Braille\u2019a ani oznacze\u0144 kontrastowych.<\/p>\n\n\n\n<p><strong>Opis dostosowa\u0144, na przyk\u0142ad pochylni, platform, informacji g\u0142osowych, p\u0119tlach indukcyjnych<\/strong><br>Przedszkole nie dysponuje, platformami, p\u0119tlami komunikacyjnymi itp.<\/p>\n\n\n\n<p><strong>Informacje o miejscu i sposobie korzystania z miejsc parkingowych wyznaczonych dla os\u00f3b niepe\u0142nosprawnych<\/strong><br>Miejsce takie znajduje si\u0119 na parkingu przed wej\u015bciem na teren Przedszkola, jest specjalnie oznakowane, bez prog\u00f3w, schod\u00f3w.<\/p>\n\n\n\n<p><strong>Informacja o prawie wst\u0119pu z psem asystuj\u0105cym i ewentualnych uzasadnionych ograniczeniach<\/strong><br>Na podstawie zarz\u0105dzenia Dyrektora Zespo\u0142u Szk\u00f3\u0142 i Plac\u00f3wek nr 1 w Katowicach, do budynku Przedszkola ma prawo wej\u015b\u0107 osoba z psem przewodnikiem\/asystuj\u0105cym (art.2 pkt 11 Ustawy o rehabilitacji zawodowej i spo\u0142ecznej oraz zatrudnieniu os\u00f3b niepe\u0142nosprawnych).<\/p>\n\n\n\n<p><strong>Informacje o mo\u017cliwo\u015bci skorzystania z t\u0142umacza j\u0119zyka migowego na miejscu lub online.<\/strong><\/p>\n\n\n\n<p>Osoby nies\u0142ysz\u0105ce oraz osoby maj\u0105ce trudno\u015bci w komunikowaniu si\u0119 ( zwane dalej osobami uprawnionymi) mog\u0105 komunikowa\u0107 si\u0119 Przedszkolem Miejskim nr 55 w Katowicach przy wykorzystaniu nw. \u015arodk\u00f3w wspieraj\u0105cych komunikowanie si\u0119: &nbsp; e-mail:&nbsp;<a href=\"mailto:sekretariat@zsip1katowice.edu.pl\">sekretariat@zsip1katowice.edu.pl<\/a>&nbsp;&nbsp;&nbsp;&nbsp; tel.\/fax 32 255 50 36 wew. 44<br>Osoby uprawnione, chc\u0105c za\u0142atwi\u0107 sprawy w Przedszkolu z pomoc\u0105 t\u0142umacza j\u0119zyka migowego, zobowi\u0105zane s\u0105 do zg\u0142oszenia ch\u0119ci skorzystania ze \u015bwiadczenia ze wskazaniem wybranej metody komunikowania si\u0119 z minimum trzydniowym wyprzedzeniem oraz dokonania zg\u0142oszenia w celu rezerwacji wizyty. Po otrzymaniu zg\u0142oszenia Przedszkole zapewni pomoc t\u0142umacza j\u0119zyka migowego w terminie wyznaczonym przez osob\u0119 uprawnion\u0105. W przypadku braku mo\u017cliwo\u015bci realizacji \u015bwiadczenia przekazana zostanie informacja o niemo\u017cliwo\u015bci za\u0142atwienia sprawy w terminie wskazanym, z wyznaczeniem mo\u017cliwego terminu realizacji \u015bwiadczenia lub wskazania na inn\u0105 form\u0119 jego realizacji.<\/p>\n\n\n\n<p><strong>Budynek Mi\u0119dzyszkolnego O\u015brodka Sportowy<\/strong><\/p>\n\n\n\n<p><strong>Opis dost\u0119pno\u015bci wej\u015bcia do budynku i przemieszczania si\u0119 po terenie nale\u017c\u0105cym do Mi\u0119dzyszkolnego O\u015brodka Sportowego zwanego dalej MOS<\/strong><br>Do budynku MOS prowadzi wej\u015bcie g\u0142\u00f3wne mieszcz\u0105ce si\u0119 od ulicy Paderewskiego 46a. Wej\u015bcie jest zaopatrzono w podjazd dla niepe\u0142nosprawnych.<\/p>\n\n\n\n<p><strong>Opis dost\u0119pno\u015bci korytarzy, schod\u00f3w<\/strong><br>Budynek MOS jest 2 kondygnacyjny. Na poziomie 0 znajduj\u0105 si\u0119 wej\u015bcia g\u0142\u00f3wne do budynku, basen, sala gimnastyczna, toalety, prysznic, pok\u00f3j nauczycieli p\u0142ywania, pok\u00f3j ratownika, pok\u00f3j mened\u017cera sportu. Na pierwszym pi\u0119trze (poziom 1) i w piwnicach (poziomie -1) \u2013 do kt\u00f3rych prowadz\u0105 jedynie schody- znajduj\u0105 si\u0119 szatnie i prysznice oraz toalety, ponadto na poziomie -1 znajduj\u0105 si\u0119 sale do gimnastyki korekcyjnej.&nbsp;&nbsp;&nbsp;&nbsp;&nbsp;&nbsp;&nbsp;&nbsp;&nbsp;&nbsp; &nbsp;&nbsp;&nbsp;&nbsp;&nbsp;&nbsp;&nbsp;&nbsp;&nbsp;&nbsp;&nbsp; Jedynie na sal\u0119 gimnastyczna (poziom 0) mog\u0105 wjecha\u0107 osoby niepe\u0142nosprawne poruszaj\u0105ce si\u0119 na w\u00f3zku, pozosta\u0142a cz\u0119\u015b\u0107 budynku nie jest przystosowana dla os\u00f3b niepe\u0142nosprawnych poruszaj\u0105cych si\u0119 na w\u00f3zkach. Nad wej\u015bciem do budynku nie ma g\u0142o\u015bnik\u00f3w systemu naprowadzaj\u0105cego d\u017awi\u0119kowo osoby niewidome i s\u0142abowidz\u0105ce.<\/p>\n\n\n\n<p>Budynek nie posiada oznacze\u0144 w alfabecie Braille\u2019a ani oznacze\u0144 kontrastowych.<\/p>\n\n\n\n<p><strong>Opis dostosowa\u0144, na przyk\u0142ad pochylni, platform, informacji g\u0142osowych, p\u0119tlach indukcyjnych<\/strong><br>MOS nie dysponuje, platformami, p\u0119tlami komunikacyjnymi itp.<\/p>\n\n\n\n<p><strong>Informacje o miejscu i sposobie korzystania z miejsc parkingowych wyznaczonych dla os\u00f3b niepe\u0142nosprawnych<\/strong><br>Miejsce takie znajduje si\u0119 na parkingu przed wej\u015bciem na teren Zespo\u0142u, jest specjalnie oznakowane, bez prog\u00f3w, schod\u00f3w.<\/p>\n\n\n\n<p><strong>Informacja o prawie wst\u0119pu z psem asystuj\u0105cym i ewentualnych uzasadnionych ograniczeniach<\/strong><br>Na podstawie zarz\u0105dzenia Dyrektora Zespo\u0142u Szk\u00f3\u0142 i Plac\u00f3wek nr 1 w Katowicach, do budynku Mi\u0119dzyszkolnego O\u015brodka Sportowego ma prawo wej\u015b\u0107 osoba z psem przewodnikiem\/asystuj\u0105cym (art.2 pkt 11 Ustawy o rehabilitacji zawodowej i spo\u0142ecznej oraz zatrudnieniu os\u00f3b niepe\u0142nosprawnych).<\/p>\n\n\n\n<p><strong>Informacje o mo\u017cliwo\u015bci skorzystania z t\u0142umacza j\u0119zyka migowego na miejscu lub online.<\/strong><\/p>\n\n\n\n<p>Osoby nies\u0142ysz\u0105ce oraz osoby maj\u0105ce trudno\u015bci w komunikowaniu si\u0119 ( zwane dalej osobami uprawnionymi) mog\u0105 komunikowa\u0107 si\u0119 Mi\u0119dzyszkolnym O\u015brodkiem Sportowym w Katowicach przy wykorzystaniu nw. \u015arodk\u00f3w wspieraj\u0105cych komunikowanie si\u0119: &nbsp; e-mail:&nbsp;<a href=\"mailto:sekretariat@zsip1katowice.edu.pl\">sekretariat@zsip1katowice.edu.pl<\/a>&nbsp;&nbsp;&nbsp;&nbsp;&nbsp;&nbsp; tel.\/fax 32 255 50 36<\/p>\n\n\n\n<p>Osoby uprawnione, chc\u0105c za\u0142atwi\u0107 sprawy w MOS z pomoc\u0105 t\u0142umacza j\u0119zyka migowego, zobowi\u0105zane s\u0105 do zg\u0142oszenia ch\u0119ci skorzystania ze \u015bwiadczenia ze wskazaniem wybranej metody komunikowania si\u0119 z minimum trzydniowym wyprzedzeniem oraz dokonania zg\u0142oszenia w celu rezerwacji wizyty. Po otrzymaniu zg\u0142oszenia Mi\u0119dzyszkolny O\u015brodek Sportowy zapewni pomoc t\u0142umacza j\u0119zyka migowego w terminie wyznaczonym przez osob\u0119 uprawnion\u0105. W przypadku braku mo\u017cliwo\u015bci realizacji \u015bwiadczenia przekazana zostanie informacja o niemo\u017cliwo\u015bci za\u0142atwienia sprawy w terminie wskazanym, z wyznaczeniem mo\u017cliwego terminu realizacji \u015bwiadczenia lub wskazania na inn\u0105 form\u0119 jego realizacji.<\/p>\n\n\n\n<p><a href=\"http:\/\/spnr12katowice.ehost.pl\/bip\/images\/dokumenty\/dostepnosc\/zD-%20ZSIP1-na%2001.01.2021-zeroweBIP.pdf\">Raport o stanie zapewniania dost\u0119pno\u015bci podmiotu publicznego:&nbsp;Zesp\u00f3\u0142 Szk\u00f3\u0142 i Plac\u00f3wek nr 1 ul. Paderewskiego 46 40-282 Katowice<\/a><\/p>\n\n\n\n<p><a href=\"http:\/\/spnr12katowice.ehost.pl\/bip\/images\/dokumenty\/dostepnosc\/zD-%20SP12-na%2001.01.2021-z%20danymiBIP.pdf\">Raport o stanie zapewniania dost\u0119pno\u015bci podmiotu publicznego:&nbsp;Szko\u0142a Podstawowa nr 12 im. Ignacego Jana Paderewskiego ul. Paderewskiego 46 40-282 Katowice<\/a><\/p>\n\n\n\n<p><a href=\"http:\/\/spnr12katowice.ehost.pl\/bip\/images\/dokumenty\/dostepnosc\/zD-MOS-na%2001.01.2021-z%20danymiBIP.pdf\">Raport o stanie zapewniania dost\u0119pno\u015bci podmiotu publicznego:&nbsp;Mi\u0119dzyszkolny O\u015brodek Sportowy ul. Paderewskiego 46a 40-282 Katowice<\/a><\/p>\n\n\n\n<p><a href=\"http:\/\/spnr12katowice.ehost.pl\/bip\/images\/dokumenty\/dostepnosc\/zD-MP55-na%2001.01.2021-z%20danymiBIP.pdf\">Raport o stanie zapewniania dost\u0119pno\u015bci podmiotu publicznego:&nbsp;Miejskie Przedszkole nr 55 ul Szeptyckiego 3 40-275 Katowice<\/a><\/p>\n","protected":false},"excerpt":{"rendered":"<p>Deklaracja dost\u0119pno\u015bci Zesp\u00f3\u0142u Szk\u00f3\u0142 i Plac\u00f3wek nr 1 w Katowicach Zesp\u00f3\u0142 Szk\u00f3\u0142 i Plac\u00f3wek nr 1 w Katowicach&nbsp;zobowi\u0105zuje si\u0119 zapewni\u0107 dost\u0119pno\u015b\u0107 swojej strony internetowej zgodnie z przepisami ustawy z dnia 4&nbsp;kwietnia 2019&nbsp;r. o&nbsp;dost\u0119pno\u015bci cyfrowej stron internetowych i&nbsp;aplikacji mobilnych podmiot\u00f3w publicznych. O\u015bwiadczenie w sprawie dost\u0119pno\u015bci ma zastosowanie do strony internetowej&nbsp;Zesp\u00f3\u0142u Szk\u00f3\u0142 i Plac\u00f3wek nr 1 w &hellip; <a href=\"https:\/\/zsip1katowice.edu.pl\/sp12\/bip\/deklaracja-dostepnosci\/\" class=\"more-link\">Czytaj dalej <span class=\"screen-reader-text\">DEKLARACJA DOST\u0118PNO\u015aCI<\/span><\/a><\/p>\n","protected":false},"author":1,"featured_media":0,"parent":0,"menu_order":0,"comment_status":"closed","ping_status":"closed","template":"","meta":{"_uag_custom_page_level_css":"","footnotes":""},"class_list":["post-60","page","type-page","status-publish","hentry"],"uagb_featured_image_src":{"full":false,"thumbnail":false,"medium":false,"medium_large":false,"large":false,"1536x1536":false,"2048x2048":false,"post-thumbnail":false},"uagb_author_info":{"display_name":"admin","author_link":"https:\/\/zsip1katowice.edu.pl\/sp12\/bip\/author\/admin\/"},"uagb_comment_info":0,"uagb_excerpt":"Deklaracja dost\u0119pno\u015bci Zesp\u00f3\u0142u Szk\u00f3\u0142 i Plac\u00f3wek nr 1 w Katowicach Zesp\u00f3\u0142 Szk\u00f3\u0142 i Plac\u00f3wek nr 1 w Katowicach&nbsp;zobowi\u0105zuje si\u0119 zapewni\u0107 dost\u0119pno\u015b\u0107 swojej strony internetowej zgodnie z przepisami ustawy z dnia 4&nbsp;kwietnia 2019&nbsp;r. o&nbsp;dost\u0119pno\u015bci cyfrowej stron internetowych i&nbsp;aplikacji mobilnych podmiot\u00f3w publicznych. O\u015bwiadczenie w sprawie dost\u0119pno\u015bci ma zastosowanie do strony internetowej&nbsp;Zesp\u00f3\u0142u Szk\u00f3\u0142 i Plac\u00f3wek nr 1 w&hellip;","_links":{"self":[{"href":"https:\/\/zsip1katowice.edu.pl\/sp12\/bip\/wp-json\/wp\/v2\/pages\/60","targetHints":{"allow":["GET"]}}],"collection":[{"href":"https:\/\/zsip1katowice.edu.pl\/sp12\/bip\/wp-json\/wp\/v2\/pages"}],"about":[{"href":"https:\/\/zsip1katowice.edu.pl\/sp12\/bip\/wp-json\/wp\/v2\/types\/page"}],"author":[{"embeddable":true,"href":"https:\/\/zsip1katowice.edu.pl\/sp12\/bip\/wp-json\/wp\/v2\/users\/1"}],"replies":[{"embeddable":true,"href":"https:\/\/zsip1katowice.edu.pl\/sp12\/bip\/wp-json\/wp\/v2\/comments?post=60"}],"version-history":[{"count":2,"href":"https:\/\/zsip1katowice.edu.pl\/sp12\/bip\/wp-json\/wp\/v2\/pages\/60\/revisions"}],"predecessor-version":[{"id":110,"href":"https:\/\/zsip1katowice.edu.pl\/sp12\/bip\/wp-json\/wp\/v2\/pages\/60\/revisions\/110"}],"wp:attachment":[{"href":"https:\/\/zsip1katowice.edu.pl\/sp12\/bip\/wp-json\/wp\/v2\/media?parent=60"}],"curies":[{"name":"wp","href":"https:\/\/api.w.org\/{rel}","templated":true}]}}