{"id":62,"date":"2024-03-25T21:20:20","date_gmt":"2024-03-25T21:20:20","guid":{"rendered":"https:\/\/zsip1katowice.edu.pl\/sp12\/bip\/?page_id=62"},"modified":"2024-03-26T07:21:52","modified_gmt":"2024-03-26T07:21:52","slug":"redakcja","status":"publish","type":"page","link":"https:\/\/zsip1katowice.edu.pl\/sp12\/bip\/redakcja\/","title":{"rendered":"Redakcja"},"content":{"rendered":"\n<p>Redakcja: Zesp\u00f3\u0142 Szk\u00f3\u0142 i Plac\u00f3wek nr 1 w Katowicach<\/p>\n\n\n\n<p>ul. Paderewskiego 46, 40-282 Katowice<\/p>\n\n\n\n<p>tel. 32 255 50 36<\/p>\n\n\n\n<p><em>Redaktor prowadz\u0105cy: Tomasz Leczkowski<\/em><\/p>\n\n\n\n<p>e-mail:  plehy30@gmail.com<\/p>\n\n\n\n<p>telefon: +48 668 161 195<\/p>\n","protected":false},"excerpt":{"rendered":"<p>Redakcja: Zesp\u00f3\u0142 Szk\u00f3\u0142 i Plac\u00f3wek nr 1 w Katowicach ul. Paderewskiego 46, 40-282 Katowice tel. 32 255 50 36 Redaktor prowadz\u0105cy: Tomasz Leczkowski e-mail: plehy30@gmail.com telefon: +48 668 161 195<\/p>\n","protected":false},"author":1,"featured_media":0,"parent":0,"menu_order":0,"comment_status":"closed","ping_status":"closed","template":"","meta":{"_uag_custom_page_level_css":"","footnotes":""},"class_list":["post-62","page","type-page","status-publish","hentry"],"uagb_featured_image_src":{"full":false,"thumbnail":false,"medium":false,"medium_large":false,"large":false,"1536x1536":false,"2048x2048":false,"post-thumbnail":false},"uagb_author_info":{"display_name":"admin","author_link":"https:\/\/zsip1katowice.edu.pl\/sp12\/bip\/author\/admin\/"},"uagb_comment_info":0,"uagb_excerpt":"Redakcja: Zesp\u00f3\u0142 Szk\u00f3\u0142 i Plac\u00f3wek nr 1 w Katowicach ul. Paderewskiego 46, 40-282 Katowice tel. 32 255 50 36 Redaktor prowadz\u0105cy: Tomasz Leczkowski e-mail: plehy30@gmail.com telefon: +48 668 161 195","_links":{"self":[{"href":"https:\/\/zsip1katowice.edu.pl\/sp12\/bip\/wp-json\/wp\/v2\/pages\/62","targetHints":{"allow":["GET"]}}],"collection":[{"href":"https:\/\/zsip1katowice.edu.pl\/sp12\/bip\/wp-json\/wp\/v2\/pages"}],"about":[{"href":"https:\/\/zsip1katowice.edu.pl\/sp12\/bip\/wp-json\/wp\/v2\/types\/page"}],"author":[{"embeddable":true,"href":"https:\/\/zsip1katowice.edu.pl\/sp12\/bip\/wp-json\/wp\/v2\/users\/1"}],"replies":[{"embeddable":true,"href":"https:\/\/zsip1katowice.edu.pl\/sp12\/bip\/wp-json\/wp\/v2\/comments?post=62"}],"version-history":[{"count":4,"href":"https:\/\/zsip1katowice.edu.pl\/sp12\/bip\/wp-json\/wp\/v2\/pages\/62\/revisions"}],"predecessor-version":[{"id":113,"href":"https:\/\/zsip1katowice.edu.pl\/sp12\/bip\/wp-json\/wp\/v2\/pages\/62\/revisions\/113"}],"wp:attachment":[{"href":"https:\/\/zsip1katowice.edu.pl\/sp12\/bip\/wp-json\/wp\/v2\/media?parent=62"}],"curies":[{"name":"wp","href":"https:\/\/api.w.org\/{rel}","templated":true}]}}