{"id":7,"date":"2024-03-25T20:47:11","date_gmt":"2024-03-25T20:47:11","guid":{"rendered":"https:\/\/zsip1katowice.edu.pl\/sp12\/bip\/?page_id=7"},"modified":"2026-03-17T13:10:42","modified_gmt":"2026-03-17T13:10:42","slug":"1-2","status":"publish","type":"page","link":"https:\/\/zsip1katowice.edu.pl\/sp12\/bip\/","title":{"rendered":""},"content":{"rendered":"\n<figure class=\"wp-block-image size-full is-resized\"><a href=\"https:\/\/zsip1katowice.edu.pl\"><img loading=\"lazy\" decoding=\"async\" width=\"728\" height=\"383\" src=\"https:\/\/zsip1katowice.edu.pl\/sp12\/bip\/wp-content\/uploads\/2024\/03\/zsip1_bip.png\" alt=\"\" class=\"wp-image-10\" style=\"width:421px;height:auto\" srcset=\"https:\/\/zsip1katowice.edu.pl\/sp12\/bip\/wp-content\/uploads\/2024\/03\/zsip1_bip.png 728w, https:\/\/zsip1katowice.edu.pl\/sp12\/bip\/wp-content\/uploads\/2024\/03\/zsip1_bip-300x158.png 300w\" sizes=\"auto, (max-width: 728px) 100vw, 728px\" \/><\/a><\/figure>\n\n\n\n<p><\/p>\n\n\n\n<p><\/p>\n\n\n\n<h2 class=\"wp-block-heading\">Zesp\u00f3\u0142 Szk\u00f3\u0142 i Plac\u00f3wek nr 1 w Katowicach<\/h2>\n\n\n\n<div class=\"wp-block-uagb-container uagb-block-7d2f6604 alignfull uagb-is-root-container\"><div class=\"uagb-container-inner-blocks-wrap\">\n<div class=\"wp-block-uagb-container uagb-block-4389e120\">\n<p style=\"font-size:26px\">ul. Paderewskiego 46,<br>40-282 Katowice<br>tel. 32 255 50 36<\/p>\n<\/div>\n\n\n\n<div class=\"wp-block-uagb-container uagb-block-278cfd36\"><\/div>\n<\/div><\/div>\n\n\n\n<div class=\"wp-block-uagb-container uagb-block-c1017445 alignfull uagb-is-root-container\"><div class=\"uagb-container-inner-blocks-wrap\">\n<p>mail: sekretariat@zsip1katowice.edu.pl<\/p>\n\n\n\n<p>Kontakt: eDor\u0119czenia &#8211; AE:PL-66314-21926-VITGJ-30<\/p>\n<\/div><\/div>\n\n\n\n<p>Organ Prowadz\u0105cy &#8211; <strong>Miasto Katowice<\/strong>,  40-098 Katowice, ul. M\u0142y\u0144ska 4<\/p>\n\n\n\n<p>Nadz\u00f3r Pedagogiczny &#8211; <strong>Kuratorium O\u015bwiaty w Katowicach<\/strong>, ul. Powsta\u0144c\u00f3w 41a, 40-024 Katowice<\/p>\n","protected":false},"excerpt":{"rendered":"<p>Zesp\u00f3\u0142 Szk\u00f3\u0142 i Plac\u00f3wek nr 1 w Katowicach ul. Paderewskiego 46,40-282 Katowicetel. 32 255 50 36 mail: sekretariat@zsip1katowice.edu.pl Kontakt: eDor\u0119czenia &#8211; AE:PL-66314-21926-VITGJ-30 Organ Prowadz\u0105cy &#8211; Miasto Katowice, 40-098 Katowice, ul. M\u0142y\u0144ska 4 Nadz\u00f3r Pedagogiczny &#8211; Kuratorium O\u015bwiaty w Katowicach, ul. Powsta\u0144c\u00f3w 41a, 40-024 Katowice<\/p>\n","protected":false},"author":1,"featured_media":0,"parent":0,"menu_order":0,"comment_status":"closed","ping_status":"closed","template":"","meta":{"_uag_custom_page_level_css":"","footnotes":""},"class_list":["post-7","page","type-page","status-publish","hentry"],"uagb_featured_image_src":{"full":false,"thumbnail":false,"medium":false,"medium_large":false,"large":false,"1536x1536":false,"2048x2048":false,"post-thumbnail":false},"uagb_author_info":{"display_name":"admin","author_link":"https:\/\/zsip1katowice.edu.pl\/sp12\/bip\/author\/admin\/"},"uagb_comment_info":0,"uagb_excerpt":"Zesp\u00f3\u0142 Szk\u00f3\u0142 i Plac\u00f3wek nr 1 w Katowicach ul. Paderewskiego 46,40-282 Katowicetel. 32 255 50 36 mail: sekretariat@zsip1katowice.edu.pl Kontakt: eDor\u0119czenia &#8211; AE:PL-66314-21926-VITGJ-30 Organ Prowadz\u0105cy &#8211; Miasto Katowice, 40-098 Katowice, ul. M\u0142y\u0144ska 4 Nadz\u00f3r Pedagogiczny &#8211; Kuratorium O\u015bwiaty w Katowicach, ul. Powsta\u0144c\u00f3w 41a, 40-024 Katowice","_links":{"self":[{"href":"https:\/\/zsip1katowice.edu.pl\/sp12\/bip\/wp-json\/wp\/v2\/pages\/7","targetHints":{"allow":["GET"]}}],"collection":[{"href":"https:\/\/zsip1katowice.edu.pl\/sp12\/bip\/wp-json\/wp\/v2\/pages"}],"about":[{"href":"https:\/\/zsip1katowice.edu.pl\/sp12\/bip\/wp-json\/wp\/v2\/types\/page"}],"author":[{"embeddable":true,"href":"https:\/\/zsip1katowice.edu.pl\/sp12\/bip\/wp-json\/wp\/v2\/users\/1"}],"replies":[{"embeddable":true,"href":"https:\/\/zsip1katowice.edu.pl\/sp12\/bip\/wp-json\/wp\/v2\/comments?post=7"}],"version-history":[{"count":15,"href":"https:\/\/zsip1katowice.edu.pl\/sp12\/bip\/wp-json\/wp\/v2\/pages\/7\/revisions"}],"predecessor-version":[{"id":318,"href":"https:\/\/zsip1katowice.edu.pl\/sp12\/bip\/wp-json\/wp\/v2\/pages\/7\/revisions\/318"}],"wp:attachment":[{"href":"https:\/\/zsip1katowice.edu.pl\/sp12\/bip\/wp-json\/wp\/v2\/media?parent=7"}],"curies":[{"name":"wp","href":"https:\/\/api.w.org\/{rel}","templated":true}]}}